{"id":16517,"date":"2026-03-16T12:58:25","date_gmt":"2026-03-16T12:58:25","guid":{"rendered":"https:\/\/hotelesbcl.com\/?page_id=16517"},"modified":"2026-03-25T09:22:04","modified_gmt":"2026-03-25T09:22:04","slug":"bcl-levante-beach-aparthotel-in-benidorm-2","status":"publish","type":"page","link":"https:\/\/hotelesbcl.com\/pt-pt\/bcl-levante-beach-aparthotel-in-benidorm-2\/","title":{"rendered":"BCL Levante Beach Aparthotel in Benidorm"},"content":{"rendered":"\n<div class=\"wp-block-group alignwide logo-title\" id=\"descripcion\"><div class=\"wp-block-group__inner-container is-layout-flow wp-block-group-is-layout-flow\">\n<div class=\"wp-block-media-text alignwide is-stacked-on-mobile\" style=\"grid-template-columns:15% auto\"><figure class=\"wp-block-media-text__media\"><img loading=\"lazy\" decoding=\"async\" width=\"504\" height=\"469\" src=\"https:\/\/hotelesbcl.com\/wp-content\/uploads\/2025\/01\/LEVANTE_BEACH_APARTHOTELS-1.png\" alt=\"\" class=\"wp-image-4714 size-full\" srcset=\"https:\/\/hotelesbcl.com\/wp-content\/uploads\/2025\/01\/LEVANTE_BEACH_APARTHOTELS-1.png 504w, https:\/\/hotelesbcl.com\/wp-content\/uploads\/2025\/01\/LEVANTE_BEACH_APARTHOTELS-1-300x279.png 300w\" sizes=\"auto, (max-width: 504px) 100vw, 504px\" \/><\/figure><div class=\"wp-block-media-text__content\">\n<h2 class=\"wp-block-heading\">Apartamentos localizados na zona de Levante ideais para relaxar com o seu parceiro<\/h2>\n<\/div><\/div>\n<\/div><\/div>\n\n\n\n<div class=\"wp-block-group alignwide first-content\"><div class=\"wp-block-group__inner-container is-layout-flow wp-block-group-is-layout-flow\">\n<div class=\"wp-block-media-text alignwide is-stacked-on-mobile is-vertically-aligned-top is-image-fill-element is-style-default\"><figure class=\"wp-block-media-text__media\"><img loading=\"lazy\" decoding=\"async\" width=\"683\" height=\"1024\" src=\"https:\/\/hotelesbcl.com\/wp-content\/uploads\/2022\/06\/estar-2-683x1024.jpg\" alt=\"\" class=\"wp-image-2705 size-full\" style=\"object-position:50% 50%\" srcset=\"https:\/\/hotelesbcl.com\/wp-content\/uploads\/2022\/06\/estar-2-683x1024.jpg 683w, https:\/\/hotelesbcl.com\/wp-content\/uploads\/2022\/06\/estar-2-200x300.jpg 200w, https:\/\/hotelesbcl.com\/wp-content\/uploads\/2022\/06\/estar-2-768x1152.jpg 768w, https:\/\/hotelesbcl.com\/wp-content\/uploads\/2022\/06\/estar-2-1024x1536.jpg 1024w, https:\/\/hotelesbcl.com\/wp-content\/uploads\/2022\/06\/estar-2.jpg 1045w\" sizes=\"auto, (max-width: 683px) 100vw, 683px\" \/><\/figure><div class=\"wp-block-media-text__content\">\n<p>O BCL Levante Beach Aparthotel est\u00e1 localizado em Benidorm, apenas a 150 metros das fant\u00e1sticas praias de Levante. S\u00e3o apartamentos ideais para relaxar com o seu parceiro. <\/p>\n\n\n\n<p><\/p>\n\n\n\n<p><\/p>\n\n\n\n<br\/><a href=\"#\" class=\"action-panel-habitaciones\">  VER APARTAMENTOS<\/a>\n\n\n\n<br\/><a href=\"#\" class=\"action-panel-servicios on-mobile\">SERVI\u00c7OS<\/a>\n\n\n\n<div id=\"TA_certificateOfExcellence386\" class=\"TA_certificateOfExcellence\"><ul id=\"MVZl3GqffsP\" class=\"TA_links RpXN0NHYcVmC\"><li id=\"JdENBuzto6\" class=\"UZAkDqj\"><a target=\"_blank\" href=\"https:\/\/www.tripadvisor.es\/Hotel_Review-g187525-d314992-Reviews-Aparthotel_BCL_Levante_Beach-Benidorm_Costa_Blanca_Province_of_Alicante_Valencian_Commu.html\"><img decoding=\"async\" src=\"https:\/\/static.tacdn.com\/img2\/travelers_choice\/widgets\/tchotel_2025_LL.png\" alt=\"TripAdvisor\" class=\"widCOEImg\" id=\"CDSWIDCOELOGO\"\/><\/a><\/li><\/ul><\/div><script async=\"\" src=\"https:\/\/www.jscache.com\/wejs?wtype=certificateOfExcellence&#038;uniq=386&#038;locationId=314992&#038;lang=es&#038;year=2025&#038;display_version=2\" data-loadtrk=\"\" onload=\"this.loadtrk=true\"><\/script>\n<\/div><\/div>\n<\/div><\/div>\n\n\n\n<div class=\"wp-block-group alignwide Galerias\" id=\"gallery\"><div class=\"wp-block-group__inner-container is-layout-flow wp-block-group-is-layout-flow\"><div class=\"wp-block-media-gallery alignwide is-stacked-on-mobile is-vertically-aligned-top is-style-default\">\n                <div class=\"galeries num-galerias-1\"><\/div>\n<\/div>\n<\/div><\/div>\n\n\n\n<div class=\"wp-block-group\"><div class=\"wp-block-group__inner-container is-layout-flow wp-block-group-is-layout-flow\">\n<h2 class=\"wp-block-heading alignwide has-text-align-center\" id=\"habitacion\">Tipo de apartamentos<\/h2>\n\n\n\n<p class=\"has-text-align-center tw-text-wide\">O BCL Levante Beach Aparthotel em Benidorm est\u00e1 distribu\u00eddo em dois tipos de apartamentos. Tipo est\u00fadio e apartamentos T2. Apartamentos equipados com todos os servi\u00e7os para desfrutar de umas f\u00e9rias maravilhosas na cidade de Benidorm.  <\/p>\n<\/div><\/div>\n\n\n\n<div class=\"wp-block-group alignwide\"><div class=\"wp-block-group__inner-container is-layout-flow wp-block-group-is-layout-flow\">\n<div class=\"wp-block-columns alignwide is-layout-flex wp-container-core-columns-is-layout-d0b3c9c8 wp-block-columns-is-layout-flex\">\n<div class=\"wp-block-column is-vertically-aligned-center is-layout-flow wp-block-column-is-layout-flow\"><div class=\"d-flex align-items-start\">\n                    <div class=\"nav flex-column nav-pills me-3\" id=\"v-pills-tab\" role=\"tablist\" aria-orientation=\"vertical\">\n                    <\/div>\n                    <div class=\"tab-content nav-pills-tab\" id=\"v-pills-tabContent\">\n                      <\/div>\n                    <\/div>\n<\/div>\n<\/div>\n<\/div><\/div>\n\n\n\n<div class=\"wp-block-group alignwide\" id=\"ubicacion\"><div class=\"wp-block-group__inner-container is-layout-flow wp-block-group-is-layout-flow\">\n<h2 class=\"wp-block-heading has-text-align-center\">Localiza\u00e7\u00e3o<\/h2>\n\n\n\n<p class=\"has-text-align-center sub-title\" style=\"font-size:35px\">Aparthotel BCL Levante Beach<\/p>\n\n\n<div class=\"short-panel-stars\"><i class=\"fas fa-key\"><\/i><i class=\"fas fa-key\"><\/i><\/div>\n\n\n\n<div class=\"wp-block-columns direccion is-layout-flex wp-container-core-columns-is-layout-d0b3c9c8 wp-block-columns-is-layout-flex\">\n<div class=\"wp-block-column is-layout-flow wp-block-column-is-layout-flow\" style=\"--col-width:60%;flex-basis:60%\">\n<p>Avda de Estocolmo 11<\/p>\n\n\n\n<p>03503 Benidorm, Espanha<\/p>\n<\/div>\n\n\n\n<div class=\"wp-block-column is-layout-flow wp-block-column-is-layout-flow\" style=\"--col-width:100%;flex-basis:100%\">\n<p><i class=\"fas fa-phone-alt\"><\/i><strong> <\/strong>(+34) 966 802 302<\/p>\n\n\n\n<p><a href=\"Telefone:(+34)%20902%20106%20104\"><\/a><i class=\"fas fa-envelope\"><\/i> <strong><a href=\"mailto:reception.lbeach@hotelesbcl.com\"><strong>reception.lbeach@hotelesbcl.com<\/strong><\/a><\/strong><\/p>\n<\/div>\n<\/div>\n<\/div><\/div>\n\n\n\n<div class=\"wp-block-group alignwide\"><div class=\"wp-block-group__inner-container is-layout-flow wp-block-group-is-layout-flow\">\t\t<div\n            id=\"wpmapblock_48f7cad1\"\n            data-settings='{&quot;map_marker&quot;:[{&quot;lat&quot;:&quot;38.535129&quot;,&quot;lng&quot;:&quot;-0.105658&quot;,&quot;title&quot;:&quot;Aparthotel BCL Levante Beach&quot;,&quot;content&quot;:&quot;Av. de Estocolmo, 11, 03503 Benidorm, Alicante (+34) 966 802 302 reception.lbeach@hotelesbcl.com&quot;,&quot;iconType&quot;:&quot;custom&quot;,&quot;customIconUrl&quot;:&quot;https:\\\/\\\/hotelesbcl.com\\\/wp-content\\\/uploads\\\/2022\\\/04\\\/maps.svg&quot;,&quot;customIconWidth&quot;:&quot;61&quot;,&quot;customIconHeight&quot;:&quot;51&quot;}],&quot;map_zoom&quot;:&quot;14&quot;,&quot;scroll_wheel_zoom&quot;:false,&quot;map_type&quot;:&quot;GM&quot;,&quot;center_index&quot;:0}'\n            class=\"wpmapblockrender\"\n            style=\"\n\t\t\twidth: 100%;\n\t\t\theight: 503px;\n\t\t\"\n            >\n        <\/div>\n        <\/div><\/div>\n\n\n\n\n\n<p><\/p>\n","protected":false},"excerpt":{"rendered":"<p>Apartamentos localizados na zona de Levante ideais para relaxar com o seu parceiro O BCL Levante Beach Aparthotel est\u00e1 localizado em Benidorm, apenas a 150 metros das fant\u00e1sticas praias de Levante. S\u00e3o apartamentos ideais para relaxar com o seu parceiro. VER APARTAMENTOS SERVI\u00c7OS Tipo de apartamentos O BCL Levante Beach Aparthotel em Benidorm est\u00e1 distribu\u00eddo&hellip; <a class=\"more-link\" href=\"https:\/\/hotelesbcl.com\/pt-pt\/bcl-levante-beach-aparthotel-in-benidorm-2\/\">Continue a ler <span class=\"screen-reader-text\">BCL Levante Beach Aparthotel in Benidorm<\/span><\/a><\/p>\n","protected":false},"author":4,"featured_media":12145,"parent":0,"menu_order":0,"comment_status":"closed","ping_status":"closed","template":"tp-hotel.php","meta":{"inline_featured_image":false,"footnotes":""},"class_list":["post-16517","page","type-page","status-publish","has-post-thumbnail","hentry","entry"],"acf":[],"yoast_head":"<!-- This site is optimized with the Yoast SEO Premium plugin v27.5 (Yoast SEO v27.6) - https:\/\/yoast.com\/product\/yoast-seo-premium-wordpress\/ -->\n<title>BCL Levante Beach Aparthotel in Benidorm - Grupo Hoteles y Aparthoteles BCL<\/title>\n<meta name=\"description\" content=\"Apartamentos localizados nas fant\u00e1sticas praias de Levante em Benidorm. Com um equipamento completo, s\u00e3o ideais para relaxar com o seu parceiro.\" \/>\n<meta name=\"robots\" content=\"index, follow, max-snippet:-1, max-image-preview:large, max-video-preview:-1\" \/>\n<link rel=\"canonical\" href=\"https:\/\/hotelesbcl.com\/pt-pt\/bcl-levante-beach-aparthotel-in-benidorm-2\/\" \/>\n<meta property=\"og:locale\" content=\"pt_PT\" \/>\n<meta property=\"og:type\" content=\"article\" \/>\n<meta property=\"og:title\" content=\"Aparthotel BCL Levante Beach Benidorm\" \/>\n<meta property=\"og:description\" content=\"Apartamentos totalmente equipados com grandes terra\u00e7os. Ideal para relaxar com o seu parceiro\" \/>\n<meta property=\"og:url\" content=\"https:\/\/hotelesbcl.com\/pt-pt\/bcl-levante-beach-aparthotel-in-benidorm-2\/\" \/>\n<meta property=\"og:site_name\" content=\"Grupo Hoteles y Aparthoteles BCL\" \/>\n<meta property=\"article:publisher\" content=\"https:\/\/www.facebook.com\/HotelBCLLevanteClub\/\" \/>\n<meta property=\"article:modified_time\" content=\"2026-03-25T09:22:04+00:00\" \/>\n<meta property=\"og:image\" content=\"https:\/\/hotelesbcl.com\/wp-content\/uploads\/2022\/05\/LEVANTE_BEACH_APARTHOTELS-1.png\" \/>\n<meta name=\"twitter:card\" content=\"summary_large_image\" \/>\n<meta name=\"twitter:title\" content=\"Aparthotel BCL Levante Beach Benidorm\" \/>\n<meta name=\"twitter:description\" content=\"Apartamentos totalmente equipados com grandes terra\u00e7os. Ideal para relaxar com o seu parceiro\" \/>\n<meta name=\"twitter:image\" content=\"https:\/\/hotelesbcl.com\/wp-content\/uploads\/2022\/05\/LEVANTE_BEACH_APARTHOTELS-1.png\" \/>\n<meta name=\"twitter:label1\" content=\"Tempo estimado de leitura\" \/>\n\t<meta name=\"twitter:data1\" content=\"2 minutos\" \/>\n<script type=\"application\/ld+json\" class=\"yoast-schema-graph\">{\"@context\":\"https:\\\/\\\/schema.org\",\"@graph\":[{\"@type\":\"WebPage\",\"@id\":\"https:\\\/\\\/hotelesbcl.com\\\/pt-pt\\\/bcl-levante-beach-aparthotel-in-benidorm-2\\\/\",\"url\":\"https:\\\/\\\/hotelesbcl.com\\\/pt-pt\\\/bcl-levante-beach-aparthotel-in-benidorm-2\\\/\",\"name\":\"BCL Levante Beach Aparthotel in Benidorm - Grupo Hoteles y Aparthoteles BCL\",\"isPartOf\":{\"@id\":\"https:\\\/\\\/hotelesbcl.com\\\/en\\\/#website\"},\"primaryImageOfPage\":{\"@id\":\"https:\\\/\\\/hotelesbcl.com\\\/pt-pt\\\/bcl-levante-beach-aparthotel-in-benidorm-2\\\/#primaryimage\"},\"image\":{\"@id\":\"https:\\\/\\\/hotelesbcl.com\\\/pt-pt\\\/bcl-levante-beach-aparthotel-in-benidorm-2\\\/#primaryimage\"},\"thumbnailUrl\":\"https:\\\/\\\/hotelesbcl.com\\\/wp-content\\\/uploads\\\/2022\\\/05\\\/4-25.jpg\",\"datePublished\":\"2026-03-16T12:58:25+00:00\",\"dateModified\":\"2026-03-25T09:22:04+00:00\",\"description\":\"Apartamentos localizados nas fant\u00e1sticas praias de Levante em Benidorm. Com um equipamento completo, s\u00e3o ideais para relaxar com o seu parceiro.\",\"breadcrumb\":{\"@id\":\"https:\\\/\\\/hotelesbcl.com\\\/pt-pt\\\/bcl-levante-beach-aparthotel-in-benidorm-2\\\/#breadcrumb\"},\"inLanguage\":\"pt-PT\",\"potentialAction\":[{\"@type\":\"ReadAction\",\"target\":[\"https:\\\/\\\/hotelesbcl.com\\\/pt-pt\\\/bcl-levante-beach-aparthotel-in-benidorm-2\\\/\"]}]},{\"@type\":\"ImageObject\",\"inLanguage\":\"pt-PT\",\"@id\":\"https:\\\/\\\/hotelesbcl.com\\\/pt-pt\\\/bcl-levante-beach-aparthotel-in-benidorm-2\\\/#primaryimage\",\"url\":\"https:\\\/\\\/hotelesbcl.com\\\/wp-content\\\/uploads\\\/2022\\\/05\\\/4-25.jpg\",\"contentUrl\":\"https:\\\/\\\/hotelesbcl.com\\\/wp-content\\\/uploads\\\/2022\\\/05\\\/4-25.jpg\",\"width\":1024,\"height\":650},{\"@type\":\"BreadcrumbList\",\"@id\":\"https:\\\/\\\/hotelesbcl.com\\\/pt-pt\\\/bcl-levante-beach-aparthotel-in-benidorm-2\\\/#breadcrumb\",\"itemListElement\":[{\"@type\":\"ListItem\",\"position\":1,\"name\":\"Portada\",\"item\":\"https:\\\/\\\/hotelesbcl.com\\\/pt-pt\\\/\"},{\"@type\":\"ListItem\",\"position\":2,\"name\":\"BCL Levante Beach Aparthotel in Benidorm\"}]},{\"@type\":\"WebSite\",\"@id\":\"https:\\\/\\\/hotelesbcl.com\\\/en\\\/#website\",\"url\":\"https:\\\/\\\/hotelesbcl.com\\\/en\\\/\",\"name\":\"Grupo Hoteles y Aparthoteles BCL\",\"description\":\"Disfrute de la experiencia BCL. Sus mejores vacaciones comienzan con nosotros\",\"publisher\":{\"@id\":\"https:\\\/\\\/hotelesbcl.com\\\/en\\\/#organization\"},\"potentialAction\":[{\"@type\":\"SearchAction\",\"target\":{\"@type\":\"EntryPoint\",\"urlTemplate\":\"https:\\\/\\\/hotelesbcl.com\\\/en\\\/?s={search_term_string}\"},\"query-input\":{\"@type\":\"PropertyValueSpecification\",\"valueRequired\":true,\"valueName\":\"search_term_string\"}}],\"inLanguage\":\"pt-PT\"},{\"@type\":\"Organization\",\"@id\":\"https:\\\/\\\/hotelesbcl.com\\\/en\\\/#organization\",\"name\":\"Grupo Hoteles y Aparthoteles BCL\",\"url\":\"https:\\\/\\\/hotelesbcl.com\\\/en\\\/\",\"logo\":{\"@type\":\"ImageObject\",\"inLanguage\":\"pt-PT\",\"@id\":\"https:\\\/\\\/hotelesbcl.com\\\/en\\\/#\\\/schema\\\/logo\\\/image\\\/\",\"url\":\"https:\\\/\\\/hotelesbcl.com\\\/wp-content\\\/uploads\\\/2022\\\/03\\\/Grupo-253.png\",\"contentUrl\":\"https:\\\/\\\/hotelesbcl.com\\\/wp-content\\\/uploads\\\/2022\\\/03\\\/Grupo-253.png\",\"width\":156,\"height\":56,\"caption\":\"Grupo Hoteles y Aparthoteles BCL\"},\"image\":{\"@id\":\"https:\\\/\\\/hotelesbcl.com\\\/en\\\/#\\\/schema\\\/logo\\\/image\\\/\"},\"sameAs\":[\"https:\\\/\\\/www.facebook.com\\\/HotelBCLLevanteClub\\\/\"]}]}<\/script>\n<!-- \/ Yoast SEO Premium plugin. -->","yoast_head_json":{"title":"BCL Levante Beach Aparthotel in Benidorm - Grupo Hoteles y Aparthoteles BCL","description":"Apartamentos localizados nas fant\u00e1sticas praias de Levante em Benidorm. Com um equipamento completo, s\u00e3o ideais para relaxar com o seu parceiro.","robots":{"index":"index","follow":"follow","max-snippet":"max-snippet:-1","max-image-preview":"max-image-preview:large","max-video-preview":"max-video-preview:-1"},"canonical":"https:\/\/hotelesbcl.com\/pt-pt\/bcl-levante-beach-aparthotel-in-benidorm-2\/","og_locale":"pt_PT","og_type":"article","og_title":"Aparthotel BCL Levante Beach Benidorm","og_description":"Apartamentos totalmente equipados com grandes terra\u00e7os. Ideal para relaxar com o seu parceiro","og_url":"https:\/\/hotelesbcl.com\/pt-pt\/bcl-levante-beach-aparthotel-in-benidorm-2\/","og_site_name":"Grupo Hoteles y Aparthoteles BCL","article_publisher":"https:\/\/www.facebook.com\/HotelBCLLevanteClub\/","article_modified_time":"2026-03-25T09:22:04+00:00","og_image":[{"url":"https:\/\/hotelesbcl.com\/wp-content\/uploads\/2022\/05\/LEVANTE_BEACH_APARTHOTELS-1.png","type":"","width":"","height":""}],"twitter_card":"summary_large_image","twitter_title":"Aparthotel BCL Levante Beach Benidorm","twitter_description":"Apartamentos totalmente equipados com grandes terra\u00e7os. Ideal para relaxar com o seu parceiro","twitter_image":"https:\/\/hotelesbcl.com\/wp-content\/uploads\/2022\/05\/LEVANTE_BEACH_APARTHOTELS-1.png","twitter_misc":{"Tempo estimado de leitura":"2 minutos"},"schema":{"@context":"https:\/\/schema.org","@graph":[{"@type":"WebPage","@id":"https:\/\/hotelesbcl.com\/pt-pt\/bcl-levante-beach-aparthotel-in-benidorm-2\/","url":"https:\/\/hotelesbcl.com\/pt-pt\/bcl-levante-beach-aparthotel-in-benidorm-2\/","name":"BCL Levante Beach Aparthotel in Benidorm - Grupo Hoteles y Aparthoteles BCL","isPartOf":{"@id":"https:\/\/hotelesbcl.com\/en\/#website"},"primaryImageOfPage":{"@id":"https:\/\/hotelesbcl.com\/pt-pt\/bcl-levante-beach-aparthotel-in-benidorm-2\/#primaryimage"},"image":{"@id":"https:\/\/hotelesbcl.com\/pt-pt\/bcl-levante-beach-aparthotel-in-benidorm-2\/#primaryimage"},"thumbnailUrl":"https:\/\/hotelesbcl.com\/wp-content\/uploads\/2022\/05\/4-25.jpg","datePublished":"2026-03-16T12:58:25+00:00","dateModified":"2026-03-25T09:22:04+00:00","description":"Apartamentos localizados nas fant\u00e1sticas praias de Levante em Benidorm. Com um equipamento completo, s\u00e3o ideais para relaxar com o seu parceiro.","breadcrumb":{"@id":"https:\/\/hotelesbcl.com\/pt-pt\/bcl-levante-beach-aparthotel-in-benidorm-2\/#breadcrumb"},"inLanguage":"pt-PT","potentialAction":[{"@type":"ReadAction","target":["https:\/\/hotelesbcl.com\/pt-pt\/bcl-levante-beach-aparthotel-in-benidorm-2\/"]}]},{"@type":"ImageObject","inLanguage":"pt-PT","@id":"https:\/\/hotelesbcl.com\/pt-pt\/bcl-levante-beach-aparthotel-in-benidorm-2\/#primaryimage","url":"https:\/\/hotelesbcl.com\/wp-content\/uploads\/2022\/05\/4-25.jpg","contentUrl":"https:\/\/hotelesbcl.com\/wp-content\/uploads\/2022\/05\/4-25.jpg","width":1024,"height":650},{"@type":"BreadcrumbList","@id":"https:\/\/hotelesbcl.com\/pt-pt\/bcl-levante-beach-aparthotel-in-benidorm-2\/#breadcrumb","itemListElement":[{"@type":"ListItem","position":1,"name":"Portada","item":"https:\/\/hotelesbcl.com\/pt-pt\/"},{"@type":"ListItem","position":2,"name":"BCL Levante Beach Aparthotel in Benidorm"}]},{"@type":"WebSite","@id":"https:\/\/hotelesbcl.com\/en\/#website","url":"https:\/\/hotelesbcl.com\/en\/","name":"Grupo Hoteles y Aparthoteles BCL","description":"Disfrute de la experiencia BCL. Sus mejores vacaciones comienzan con nosotros","publisher":{"@id":"https:\/\/hotelesbcl.com\/en\/#organization"},"potentialAction":[{"@type":"SearchAction","target":{"@type":"EntryPoint","urlTemplate":"https:\/\/hotelesbcl.com\/en\/?s={search_term_string}"},"query-input":{"@type":"PropertyValueSpecification","valueRequired":true,"valueName":"search_term_string"}}],"inLanguage":"pt-PT"},{"@type":"Organization","@id":"https:\/\/hotelesbcl.com\/en\/#organization","name":"Grupo Hoteles y Aparthoteles BCL","url":"https:\/\/hotelesbcl.com\/en\/","logo":{"@type":"ImageObject","inLanguage":"pt-PT","@id":"https:\/\/hotelesbcl.com\/en\/#\/schema\/logo\/image\/","url":"https:\/\/hotelesbcl.com\/wp-content\/uploads\/2022\/03\/Grupo-253.png","contentUrl":"https:\/\/hotelesbcl.com\/wp-content\/uploads\/2022\/03\/Grupo-253.png","width":156,"height":56,"caption":"Grupo Hoteles y Aparthoteles BCL"},"image":{"@id":"https:\/\/hotelesbcl.com\/en\/#\/schema\/logo\/image\/"},"sameAs":["https:\/\/www.facebook.com\/HotelBCLLevanteClub\/"]}]}},"_links":{"self":[{"href":"https:\/\/hotelesbcl.com\/pt-pt\/wp-json\/wp\/v2\/pages\/16517","targetHints":{"allow":["GET"]}}],"collection":[{"href":"https:\/\/hotelesbcl.com\/pt-pt\/wp-json\/wp\/v2\/pages"}],"about":[{"href":"https:\/\/hotelesbcl.com\/pt-pt\/wp-json\/wp\/v2\/types\/page"}],"author":[{"embeddable":true,"href":"https:\/\/hotelesbcl.com\/pt-pt\/wp-json\/wp\/v2\/users\/4"}],"replies":[{"embeddable":true,"href":"https:\/\/hotelesbcl.com\/pt-pt\/wp-json\/wp\/v2\/comments?post=16517"}],"version-history":[{"count":8,"href":"https:\/\/hotelesbcl.com\/pt-pt\/wp-json\/wp\/v2\/pages\/16517\/revisions"}],"predecessor-version":[{"id":17846,"href":"https:\/\/hotelesbcl.com\/pt-pt\/wp-json\/wp\/v2\/pages\/16517\/revisions\/17846"}],"wp:featuredmedia":[{"embeddable":true,"href":"https:\/\/hotelesbcl.com\/pt-pt\/wp-json\/wp\/v2\/media\/12145"}],"wp:attachment":[{"href":"https:\/\/hotelesbcl.com\/pt-pt\/wp-json\/wp\/v2\/media?parent=16517"}],"curies":[{"name":"wp","href":"https:\/\/api.w.org\/{rel}","templated":true}]}}