{"id":13336,"date":"2025-11-21T10:22:29","date_gmt":"2025-11-21T10:22:29","guid":{"rendered":"https:\/\/hotelesbcl.com\/bcl-levante-lux-aparthotel-in-benidorm\/apartamentos-de-1-quarto\/"},"modified":"2026-01-23T09:37:32","modified_gmt":"2026-01-23T09:37:32","slug":"apartamentos-de-1-quarto","status":"publish","type":"page","link":"https:\/\/hotelesbcl.com\/pt-pt\/bcl-levante-lux-aparthotel-in-benidorm\/apartamentos-de-1-quarto\/","title":{"rendered":"Apartamentos de 1 Quarto"},"content":{"rendered":"\n<div class=\"wp-block-group alignwide\"><div class=\"wp-block-group__inner-container is-layout-flow wp-block-group-is-layout-flow\">\n<div class=\"wp-block-media-text alignwide is-stacked-on-mobile is-vertically-aligned-top\"><figure class=\"wp-block-media-text__media\"><img loading=\"lazy\" decoding=\"async\" width=\"682\" height=\"1024\" src=\"https:\/\/hotelesbcl.com\/wp-content\/uploads\/2022\/06\/PISCI-1-682x1024.jpg\" alt=\"\" class=\"wp-image-2719 size-full\" srcset=\"https:\/\/hotelesbcl.com\/wp-content\/uploads\/2022\/06\/PISCI-1-682x1024.jpg 682w, https:\/\/hotelesbcl.com\/wp-content\/uploads\/2022\/06\/PISCI-1-200x300.jpg 200w, https:\/\/hotelesbcl.com\/wp-content\/uploads\/2022\/06\/PISCI-1-768x1152.jpg 768w, https:\/\/hotelesbcl.com\/wp-content\/uploads\/2022\/06\/PISCI-1-1024x1536.jpg 1024w, https:\/\/hotelesbcl.com\/wp-content\/uploads\/2022\/06\/PISCI-1.jpg 1045w\" sizes=\"auto, (max-width: 682px) 100vw, 682px\" \/><\/figure><div class=\"wp-block-media-text__content\">\n<h2 class=\"wp-block-heading\">Grandes terra\u00e7os e capacidade m\u00e1xima de 3 adultos ou 3 adultos + uma crian\u00e7a<\/h2>\n\n\n\n<p>Com capacidade m\u00e1xima para 3 adultos ou 3 adultos + uma crian\u00e7a, os apartamentos do Aparthotel BCL Levante Lux em Benidorm t\u00eam grandes terra\u00e7os e est\u00e3o distribu\u00eddos numa sala de estar com sof\u00e1-cama, um quarto com cama de casal, uma cozinha totalmente equipada e uma casa de banho completa, aquecimento central, televis\u00e3o, cofre e telefone direto.<\/p>\n<\/div><\/div>\n<\/div><\/div>\n","protected":false},"excerpt":{"rendered":"<p>Grandes terra\u00e7os e capacidade m\u00e1xima de 3 adultos ou 3 adultos + uma crian\u00e7a Com capacidade m\u00e1xima para 3 adultos ou 3 adultos + uma crian\u00e7a, os apartamentos do Aparthotel BCL Levante Lux em Benidorm t\u00eam grandes terra\u00e7os e est\u00e3o distribu\u00eddos numa sala de estar com sof\u00e1-cama, um quarto com cama de casal, uma cozinha&hellip; <a class=\"more-link\" href=\"https:\/\/hotelesbcl.com\/pt-pt\/bcl-levante-lux-aparthotel-in-benidorm\/apartamentos-de-1-quarto\/\">Continue a ler <span class=\"screen-reader-text\">Apartamentos de 1 Quarto<\/span><\/a><\/p>\n","protected":false},"author":1,"featured_media":13338,"parent":12192,"menu_order":2,"comment_status":"closed","ping_status":"closed","template":"tp-habitaciones.php","meta":{"inline_featured_image":false,"footnotes":""},"class_list":["post-13336","page","type-page","status-publish","has-post-thumbnail","hentry","entry"],"acf":[],"yoast_head":"<!-- This site is optimized with the Yoast SEO Premium plugin v27.5 (Yoast SEO v27.6) - https:\/\/yoast.com\/product\/yoast-seo-premium-wordpress\/ -->\n<title>Apartamentos de 1 Quarto - Grupo Hoteles y Aparthoteles BCL<\/title>\n<meta name=\"robots\" content=\"index, follow, max-snippet:-1, max-image-preview:large, max-video-preview:-1\" \/>\n<link rel=\"canonical\" href=\"https:\/\/hotelesbcl.com\/pt-pt\/bcl-levante-lux-aparthotel-in-benidorm\/apartamentos-de-1-quarto\/\" \/>\n<meta property=\"og:locale\" content=\"pt_PT\" \/>\n<meta property=\"og:type\" content=\"article\" \/>\n<meta property=\"og:title\" content=\"Apartamentos de 1 Quarto\" \/>\n<meta property=\"og:description\" content=\"Grandes terra\u00e7os e capacidade m\u00e1xima de 3 adultos ou 3 adultos + uma crian\u00e7a Com capacidade m\u00e1xima para 3 adultos ou 3 adultos + uma crian\u00e7a, os apartamentos do Aparthotel BCL Levante Lux em Benidorm t\u00eam grandes terra\u00e7os e est\u00e3o distribu\u00eddos numa sala de estar com sof\u00e1-cama, um quarto com cama de casal, uma cozinha&hellip; Continue a ler Apartamentos de 1 Quarto\" \/>\n<meta property=\"og:url\" content=\"https:\/\/hotelesbcl.com\/pt-pt\/bcl-levante-lux-aparthotel-in-benidorm\/apartamentos-de-1-quarto\/\" \/>\n<meta property=\"og:site_name\" content=\"Grupo Hoteles y Aparthoteles BCL\" \/>\n<meta property=\"article:publisher\" content=\"https:\/\/www.facebook.com\/HotelBCLLevanteClub\/\" \/>\n<meta property=\"article:modified_time\" content=\"2026-01-23T09:37:32+00:00\" \/>\n<meta property=\"og:image\" content=\"https:\/\/hotelesbcl.com\/wp-content\/uploads\/2022\/05\/2-23.jpg\" \/>\n\t<meta property=\"og:image:width\" content=\"693\" \/>\n\t<meta property=\"og:image:height\" content=\"462\" \/>\n\t<meta property=\"og:image:type\" content=\"image\/jpeg\" \/>\n<meta name=\"twitter:card\" content=\"summary_large_image\" \/>\n<script type=\"application\/ld+json\" class=\"yoast-schema-graph\">{\"@context\":\"https:\\\/\\\/schema.org\",\"@graph\":[{\"@type\":\"WebPage\",\"@id\":\"https:\\\/\\\/hotelesbcl.com\\\/pt-pt\\\/bcl-levante-lux-aparthotel-in-benidorm\\\/apartamentos-de-1-quarto\\\/\",\"url\":\"https:\\\/\\\/hotelesbcl.com\\\/pt-pt\\\/bcl-levante-lux-aparthotel-in-benidorm\\\/apartamentos-de-1-quarto\\\/\",\"name\":\"Apartamentos de 1 Quarto - Grupo Hoteles y Aparthoteles BCL\",\"isPartOf\":{\"@id\":\"https:\\\/\\\/hotelesbcl.com\\\/en\\\/#website\"},\"primaryImageOfPage\":{\"@id\":\"https:\\\/\\\/hotelesbcl.com\\\/pt-pt\\\/bcl-levante-lux-aparthotel-in-benidorm\\\/apartamentos-de-1-quarto\\\/#primaryimage\"},\"image\":{\"@id\":\"https:\\\/\\\/hotelesbcl.com\\\/pt-pt\\\/bcl-levante-lux-aparthotel-in-benidorm\\\/apartamentos-de-1-quarto\\\/#primaryimage\"},\"thumbnailUrl\":\"https:\\\/\\\/hotelesbcl.com\\\/wp-content\\\/uploads\\\/2022\\\/05\\\/2-23.jpg\",\"datePublished\":\"2025-11-21T10:22:29+00:00\",\"dateModified\":\"2026-01-23T09:37:32+00:00\",\"breadcrumb\":{\"@id\":\"https:\\\/\\\/hotelesbcl.com\\\/pt-pt\\\/bcl-levante-lux-aparthotel-in-benidorm\\\/apartamentos-de-1-quarto\\\/#breadcrumb\"},\"inLanguage\":\"pt-PT\",\"potentialAction\":[{\"@type\":\"ReadAction\",\"target\":[\"https:\\\/\\\/hotelesbcl.com\\\/pt-pt\\\/bcl-levante-lux-aparthotel-in-benidorm\\\/apartamentos-de-1-quarto\\\/\"]}]},{\"@type\":\"ImageObject\",\"inLanguage\":\"pt-PT\",\"@id\":\"https:\\\/\\\/hotelesbcl.com\\\/pt-pt\\\/bcl-levante-lux-aparthotel-in-benidorm\\\/apartamentos-de-1-quarto\\\/#primaryimage\",\"url\":\"https:\\\/\\\/hotelesbcl.com\\\/wp-content\\\/uploads\\\/2022\\\/05\\\/2-23.jpg\",\"contentUrl\":\"https:\\\/\\\/hotelesbcl.com\\\/wp-content\\\/uploads\\\/2022\\\/05\\\/2-23.jpg\",\"width\":693,\"height\":462},{\"@type\":\"BreadcrumbList\",\"@id\":\"https:\\\/\\\/hotelesbcl.com\\\/pt-pt\\\/bcl-levante-lux-aparthotel-in-benidorm\\\/apartamentos-de-1-quarto\\\/#breadcrumb\",\"itemListElement\":[{\"@type\":\"ListItem\",\"position\":1,\"name\":\"Portada\",\"item\":\"https:\\\/\\\/hotelesbcl.com\\\/pt-pt\\\/\"},{\"@type\":\"ListItem\",\"position\":2,\"name\":\"Aparthotel para Fam\u00edlias em Benidorm &#8211; BCL Levante Lux\",\"item\":\"https:\\\/\\\/hotelesbcl.com\\\/pt-pt\\\/bcl-levante-lux-aparthotel-in-benidorm\\\/\"},{\"@type\":\"ListItem\",\"position\":3,\"name\":\"Apartamentos de 1 Quarto\"}]},{\"@type\":\"WebSite\",\"@id\":\"https:\\\/\\\/hotelesbcl.com\\\/en\\\/#website\",\"url\":\"https:\\\/\\\/hotelesbcl.com\\\/en\\\/\",\"name\":\"Grupo Hoteles y Aparthoteles BCL\",\"description\":\"Disfrute de la experiencia BCL. Sus mejores vacaciones comienzan con nosotros\",\"publisher\":{\"@id\":\"https:\\\/\\\/hotelesbcl.com\\\/en\\\/#organization\"},\"potentialAction\":[{\"@type\":\"SearchAction\",\"target\":{\"@type\":\"EntryPoint\",\"urlTemplate\":\"https:\\\/\\\/hotelesbcl.com\\\/en\\\/?s={search_term_string}\"},\"query-input\":{\"@type\":\"PropertyValueSpecification\",\"valueRequired\":true,\"valueName\":\"search_term_string\"}}],\"inLanguage\":\"pt-PT\"},{\"@type\":\"Organization\",\"@id\":\"https:\\\/\\\/hotelesbcl.com\\\/en\\\/#organization\",\"name\":\"Grupo Hoteles y Aparthoteles BCL\",\"url\":\"https:\\\/\\\/hotelesbcl.com\\\/en\\\/\",\"logo\":{\"@type\":\"ImageObject\",\"inLanguage\":\"pt-PT\",\"@id\":\"https:\\\/\\\/hotelesbcl.com\\\/en\\\/#\\\/schema\\\/logo\\\/image\\\/\",\"url\":\"https:\\\/\\\/hotelesbcl.com\\\/wp-content\\\/uploads\\\/2022\\\/03\\\/Grupo-253.png\",\"contentUrl\":\"https:\\\/\\\/hotelesbcl.com\\\/wp-content\\\/uploads\\\/2022\\\/03\\\/Grupo-253.png\",\"width\":156,\"height\":56,\"caption\":\"Grupo Hoteles y Aparthoteles BCL\"},\"image\":{\"@id\":\"https:\\\/\\\/hotelesbcl.com\\\/en\\\/#\\\/schema\\\/logo\\\/image\\\/\"},\"sameAs\":[\"https:\\\/\\\/www.facebook.com\\\/HotelBCLLevanteClub\\\/\"]}]}<\/script>\n<!-- \/ Yoast SEO Premium plugin. -->","yoast_head_json":{"title":"Apartamentos de 1 Quarto - Grupo Hoteles y Aparthoteles BCL","robots":{"index":"index","follow":"follow","max-snippet":"max-snippet:-1","max-image-preview":"max-image-preview:large","max-video-preview":"max-video-preview:-1"},"canonical":"https:\/\/hotelesbcl.com\/pt-pt\/bcl-levante-lux-aparthotel-in-benidorm\/apartamentos-de-1-quarto\/","og_locale":"pt_PT","og_type":"article","og_title":"Apartamentos de 1 Quarto","og_description":"Grandes terra\u00e7os e capacidade m\u00e1xima de 3 adultos ou 3 adultos + uma crian\u00e7a Com capacidade m\u00e1xima para 3 adultos ou 3 adultos + uma crian\u00e7a, os apartamentos do Aparthotel BCL Levante Lux em Benidorm t\u00eam grandes terra\u00e7os e est\u00e3o distribu\u00eddos numa sala de estar com sof\u00e1-cama, um quarto com cama de casal, uma cozinha&hellip; Continue a ler Apartamentos de 1 Quarto","og_url":"https:\/\/hotelesbcl.com\/pt-pt\/bcl-levante-lux-aparthotel-in-benidorm\/apartamentos-de-1-quarto\/","og_site_name":"Grupo Hoteles y Aparthoteles BCL","article_publisher":"https:\/\/www.facebook.com\/HotelBCLLevanteClub\/","article_modified_time":"2026-01-23T09:37:32+00:00","og_image":[{"width":693,"height":462,"url":"https:\/\/hotelesbcl.com\/wp-content\/uploads\/2022\/05\/2-23.jpg","type":"image\/jpeg"}],"twitter_card":"summary_large_image","schema":{"@context":"https:\/\/schema.org","@graph":[{"@type":"WebPage","@id":"https:\/\/hotelesbcl.com\/pt-pt\/bcl-levante-lux-aparthotel-in-benidorm\/apartamentos-de-1-quarto\/","url":"https:\/\/hotelesbcl.com\/pt-pt\/bcl-levante-lux-aparthotel-in-benidorm\/apartamentos-de-1-quarto\/","name":"Apartamentos de 1 Quarto - Grupo Hoteles y Aparthoteles BCL","isPartOf":{"@id":"https:\/\/hotelesbcl.com\/en\/#website"},"primaryImageOfPage":{"@id":"https:\/\/hotelesbcl.com\/pt-pt\/bcl-levante-lux-aparthotel-in-benidorm\/apartamentos-de-1-quarto\/#primaryimage"},"image":{"@id":"https:\/\/hotelesbcl.com\/pt-pt\/bcl-levante-lux-aparthotel-in-benidorm\/apartamentos-de-1-quarto\/#primaryimage"},"thumbnailUrl":"https:\/\/hotelesbcl.com\/wp-content\/uploads\/2022\/05\/2-23.jpg","datePublished":"2025-11-21T10:22:29+00:00","dateModified":"2026-01-23T09:37:32+00:00","breadcrumb":{"@id":"https:\/\/hotelesbcl.com\/pt-pt\/bcl-levante-lux-aparthotel-in-benidorm\/apartamentos-de-1-quarto\/#breadcrumb"},"inLanguage":"pt-PT","potentialAction":[{"@type":"ReadAction","target":["https:\/\/hotelesbcl.com\/pt-pt\/bcl-levante-lux-aparthotel-in-benidorm\/apartamentos-de-1-quarto\/"]}]},{"@type":"ImageObject","inLanguage":"pt-PT","@id":"https:\/\/hotelesbcl.com\/pt-pt\/bcl-levante-lux-aparthotel-in-benidorm\/apartamentos-de-1-quarto\/#primaryimage","url":"https:\/\/hotelesbcl.com\/wp-content\/uploads\/2022\/05\/2-23.jpg","contentUrl":"https:\/\/hotelesbcl.com\/wp-content\/uploads\/2022\/05\/2-23.jpg","width":693,"height":462},{"@type":"BreadcrumbList","@id":"https:\/\/hotelesbcl.com\/pt-pt\/bcl-levante-lux-aparthotel-in-benidorm\/apartamentos-de-1-quarto\/#breadcrumb","itemListElement":[{"@type":"ListItem","position":1,"name":"Portada","item":"https:\/\/hotelesbcl.com\/pt-pt\/"},{"@type":"ListItem","position":2,"name":"Aparthotel para Fam\u00edlias em Benidorm &#8211; BCL Levante Lux","item":"https:\/\/hotelesbcl.com\/pt-pt\/bcl-levante-lux-aparthotel-in-benidorm\/"},{"@type":"ListItem","position":3,"name":"Apartamentos de 1 Quarto"}]},{"@type":"WebSite","@id":"https:\/\/hotelesbcl.com\/en\/#website","url":"https:\/\/hotelesbcl.com\/en\/","name":"Grupo Hoteles y Aparthoteles BCL","description":"Disfrute de la experiencia BCL. Sus mejores vacaciones comienzan con nosotros","publisher":{"@id":"https:\/\/hotelesbcl.com\/en\/#organization"},"potentialAction":[{"@type":"SearchAction","target":{"@type":"EntryPoint","urlTemplate":"https:\/\/hotelesbcl.com\/en\/?s={search_term_string}"},"query-input":{"@type":"PropertyValueSpecification","valueRequired":true,"valueName":"search_term_string"}}],"inLanguage":"pt-PT"},{"@type":"Organization","@id":"https:\/\/hotelesbcl.com\/en\/#organization","name":"Grupo Hoteles y Aparthoteles BCL","url":"https:\/\/hotelesbcl.com\/en\/","logo":{"@type":"ImageObject","inLanguage":"pt-PT","@id":"https:\/\/hotelesbcl.com\/en\/#\/schema\/logo\/image\/","url":"https:\/\/hotelesbcl.com\/wp-content\/uploads\/2022\/03\/Grupo-253.png","contentUrl":"https:\/\/hotelesbcl.com\/wp-content\/uploads\/2022\/03\/Grupo-253.png","width":156,"height":56,"caption":"Grupo Hoteles y Aparthoteles BCL"},"image":{"@id":"https:\/\/hotelesbcl.com\/en\/#\/schema\/logo\/image\/"},"sameAs":["https:\/\/www.facebook.com\/HotelBCLLevanteClub\/"]}]}},"_links":{"self":[{"href":"https:\/\/hotelesbcl.com\/pt-pt\/wp-json\/wp\/v2\/pages\/13336","targetHints":{"allow":["GET"]}}],"collection":[{"href":"https:\/\/hotelesbcl.com\/pt-pt\/wp-json\/wp\/v2\/pages"}],"about":[{"href":"https:\/\/hotelesbcl.com\/pt-pt\/wp-json\/wp\/v2\/types\/page"}],"author":[{"embeddable":true,"href":"https:\/\/hotelesbcl.com\/pt-pt\/wp-json\/wp\/v2\/users\/1"}],"replies":[{"embeddable":true,"href":"https:\/\/hotelesbcl.com\/pt-pt\/wp-json\/wp\/v2\/comments?post=13336"}],"version-history":[{"count":1,"href":"https:\/\/hotelesbcl.com\/pt-pt\/wp-json\/wp\/v2\/pages\/13336\/revisions"}],"predecessor-version":[{"id":13350,"href":"https:\/\/hotelesbcl.com\/pt-pt\/wp-json\/wp\/v2\/pages\/13336\/revisions\/13350"}],"up":[{"embeddable":true,"href":"https:\/\/hotelesbcl.com\/pt-pt\/wp-json\/wp\/v2\/pages\/12192"}],"wp:featuredmedia":[{"embeddable":true,"href":"https:\/\/hotelesbcl.com\/pt-pt\/wp-json\/wp\/v2\/media\/13338"}],"wp:attachment":[{"href":"https:\/\/hotelesbcl.com\/pt-pt\/wp-json\/wp\/v2\/media?parent=13336"}],"curies":[{"name":"wp","href":"https:\/\/api.w.org\/{rel}","templated":true}]}}