{"id":13809,"date":"2025-11-21T11:00:31","date_gmt":"2025-11-21T11:00:31","guid":{"rendered":"https:\/\/hotelesbcl.com\/logfraedileg-tilkynning\/"},"modified":"2025-11-21T11:01:04","modified_gmt":"2025-11-21T11:01:04","slug":"logfraedileg-tilkynning","status":"publish","type":"page","link":"https:\/\/hotelesbcl.com\/is\/logfraedileg-tilkynning\/","title":{"rendered":"L\u00f6gfr\u00e6\u00f0ileg tilkynning"},"content":{"rendered":"\n<div class=\"wp-block-group alignwide\"><div class=\"wp-block-group__inner-container is-layout-flow wp-block-group-is-layout-flow\">\n<p><strong>YFIRLIT<\/strong><\/p>\n\n\n\n<p>Tilgangur \u00feessara lagalegu uppl\u00fdsinga er a\u00f0 stj\u00f3rna notkun \u00fej\u00f3nustu &#8222;www.hotelesbcl.com&#8220; vefs\u00ed\u00f0unnar (h\u00e9r eftir &#8222;Vefs\u00ed\u00f0an&#8220;), og gera a\u00f0gengilegar l\u00f6gfr\u00e6\u00f0ilegar uppl\u00fdsingar sem tengjast \u00fej\u00f3nustu Levante Club S.L.U, Levante Club Hoteles S.L.U og\/e\u00f0a Duc Triangular S.L (h\u00e9r eftir kalla\u00f0 &#8222;Notendur&#8220;), sem tengjast \u00fej\u00f3nustu Levante Club S.L.U, Levante Club Hoteles S.L.U og\/e\u00f0a Duc Triangular S.L (h\u00e9r eftir eftir \u00feetta,  &#8222;BCL HOTELS&#8220;).<\/p>\n\n\n\n<p>\u00cd samr\u00e6mi vi\u00f0 10. grein laga nr. 34\/2002 fr\u00e1 11. j\u00fal\u00ed um \u00fej\u00f3nustu uppl\u00fdsingasamf\u00e9lagsins og rafr\u00e6n vi\u00f0skipti (LSSICE), eru au\u00f0kenningarg\u00f6gn fyrirt\u00e6kjanna sett fram h\u00e9r a\u00f0 ne\u00f0an:<\/p>\n\n\n\n<p>\u2013 Fyrirt\u00e6kjanafn: Levante Club S.L.U.<br\/>\u2013 Skr\u00e1\u00f0 skrifstofa: Avenida Doctor Severo Ochoa nr. 3, 03503 Benidorm (Alicante)<br\/>\u2013 Netfang: <a href=\"mailto:rgpd@hotelesbcl.com\">rgpd@hotelesbcl.com<\/a><br\/>\u2013 S\u00edmi: (+34) 965 862 723<br\/>\u2013 Skr\u00e1ningarg\u00f6gn: Skr\u00e1\u00f0 \u00ed Mercantile Registry of Alicante, bindi 4182, bla\u00f0 118, bla\u00f0s\u00ed\u00f0a A-163300<br\/>\u2013 CIF: B-42617092<\/p>\n\n\n\n<p>\u2013 Fyrirt\u00e6kjanafn: Levante Club Hoteles S.LU<br\/>\u2013 Skr\u00e1\u00f0 skrifstofa: Avenida Doctor Severo Ochoa nr. 3, 03503 Benidorm (Alicante)<br\/>\u2013 Netfang: <a href=\"mailto:rgpd@hotelesbcl.com\">rgpd@hotelesbcl.com<\/a><br\/>\u2013 S\u00edmi: (+34) 965 862 723<br\/>\u2013 Uppl\u00fdsingar um skr\u00e1ningu: Skr\u00e1\u00f0 \u00ed Mercantile Registry of Alicante, bindi 4181, bla\u00f0 117, bla\u00f0s\u00ed\u00f0a A-163301<br\/>\u2013 CIF: B-42618744<\/p>\n\n\n\n<p>\u2013 Nafn fyrirt\u00e6kisins: Duc Triangular Club S.L.<br\/>\u2013 Skr\u00e1\u00f0 skrifstofa: Avenida Doctor Severo Ochoa nr. 3, 03503 Benidorm (Alicante)<br\/>\u2013 Netfang: <a href=\"mailto:rgpd@hotelesbcl.com\">rgpd@hotelesbcl.com<\/a><br\/>\u2013 S\u00edmi: (+34) 965 862 723<br\/>\u2013 Skr\u00e1ningarg\u00f6gn: Skr\u00e1\u00f0 \u00ed verslunarskr\u00e1 Alicante, bindi 3401, bla\u00f0 94, bla\u00f0s\u00ed\u00f0a A-98359<br\/>\u2013 CIF: B-54105952<\/p>\n\n\n\n<p>\u2013 Nafn fyrirt\u00e6kisins: Match la Nucia S.L.<br\/>\u2013 Skr\u00e1\u00f0 skrifstofa: Avenida Doctor Severo Ochoa nr. 3, 03503 Benidorm (Alicante)<br\/>\u2013 Netfang: <a href=\"mailto:rgpd@hotelesbcl.com\">rgpd@hotelesbcl.com<\/a><br\/>\u2013 S\u00edmi: (+34) 965 862 723<br\/>\u2013 Skr\u00e1ningarg\u00f6gn: Skr\u00e1\u00f0 \u00ed verslunarskr\u00e1 Alicante, \u2013 Skr\u00e1ningarg\u00f6gn: Skr\u00e1\u00f0 \u00ed verslunarskr\u00e1 Alicante, \u00ed rafr\u00e6nu skjali, f\u00e6rsla 1 me\u00f0 bla\u00f0i A-194720<br\/>\u2013 CIF: B-B75474296<\/p>\n\n\n\n<p><strong>  NOTKUNARSKILM\u00c1LAR<\/strong><\/p>\n\n\n\n<ol style=\"list-style-type:1\" class=\"wp-block-list\">\n<li><strong>NOTENDUR<\/strong><\/li>\n<\/ol>\n\n\n\n<p>A\u00f0gangur og\/e\u00f0a notkun vefs\u00ed\u00f0unnar veitir st\u00f6\u00f0u notanda, sem sam\u00feykkir, me\u00f0 sl\u00edkum a\u00f0gangi og\/e\u00f0a notkun, \u00feessum notkunarskilm\u00e1lum, sem \u00fearf a\u00f0 lesa \u00e1\u00f0ur en hann n\u00e1lgast og\/e\u00f0a notar \u00fej\u00f3nustuna sem vefs\u00ed\u00f0an b\u00fd\u00f0ur upp \u00e1. Ofangreindir notkunarskilm\u00e1lar gilda \u00f3h\u00e1\u00f0 almennum skilm\u00e1lum samningsins sem kunna a\u00f0 vera skyldubundnir. <\/p>\n\n\n\n<ul class=\"wp-block-list\">\n<li><strong>R\u00c9TTUR TIL A\u00d0 BREYTA NOTKUNARSKILM\u00c1LUM<\/strong><\/li>\n<\/ul>\n\n\n\n<p>HOTELES BCL \u00e1skilur s\u00e9r r\u00e9ttinn, til hagsb\u00f3ta fyrir hagn\u00fdtingu vefs\u00ed\u00f0unnar, a\u00f0 lj\u00faka, breyta e\u00f0a skipta \u00fat \u00feessum notkunarskilm\u00e1lum, \u00fej\u00f3nustu og\/e\u00f0a innihaldi vefs\u00ed\u00f0unnar, sem og rekstrar-, t\u00e6kni- og notkunarskilyr\u00f0um hennar.<\/p>\n\n\n\n<p>\u00deessar breytingar, sta\u00f0g\u00f6ngur og\/e\u00f0a vi\u00f0b\u00e6tur ver\u00f0a alls ekki afturvirkar, heldur gilda fr\u00e1 birtingu \u00feeirra. N\u00faverandi notkunarskilm\u00e1lar eru varanlega birtir \u00e1 vefs\u00ed\u00f0unni, sem \u00fearf a\u00f0 sko\u00f0a \u00e1\u00f0ur en a\u00f0gangur er a\u00f0 og\/e\u00f0a notkun \u00fej\u00f3nustu og innihalds vefs\u00ed\u00f0unnar. <\/p>\n\n\n\n<ul class=\"wp-block-list\">\n<li><strong>NOTKUN VEFS\u00cd\u00d0UNNAR, \u00deJ\u00d3NUSTU HENNAR OG INNIHALD<\/strong><\/li>\n<\/ul>\n\n\n\n<p>Notendur skuldbinda sig til a\u00f0 nota vefs\u00ed\u00f0una, \u00fej\u00f3nustu hennar og innihald \u00ed samr\u00e6mi vi\u00f0 l\u00f6g, si\u00f0fer\u00f0i, g\u00f3\u00f0ar venjur og almennan reglu, auk \u00feess a\u00f0 brj\u00f3ta ekki gegn \u00e1kv\u00e6\u00f0um \u00feessara notkunarskilm\u00e1la og \u00feeirra skilyr\u00f0a sem b\u00e6ta vi\u00f0, breyta e\u00f0a koma \u00ed sta\u00f0 \u00feeirra.<\/p>\n\n\n\n<p>Notkun vefs\u00ed\u00f0unnar fer fram undir eing\u00f6ngu og einka\u00e1byrg\u00f0 notenda, og fyrirt\u00e6ki\u00f0 er s\u00e9rstaklega undan\u00feegi\u00f0 \u00f6llum skemmdum og\/e\u00f0a tj\u00f3ni sem \u00fea\u00f0 veldur \u00f6\u00f0rum notendum e\u00f0a \u00feri\u00f0ja a\u00f0ila me\u00f0 sl\u00edkri notkun \u00ed andst\u00f6\u00f0u vi\u00f0 \u00e1kv\u00e6\u00f0i \u00feessara notkunarskilm\u00e1la.<\/p>\n\n\n\n<p>Var\u00f0andi efni sem birt er \u00e1 vefs\u00ed\u00f0unni, svo sem myndir, hlj\u00f3\u00f0, hlj\u00f3\u00f0, mynd, hugb\u00fana\u00f0, texta, v\u00f6rumerki, l\u00f3g\u00f3, litasamsetningar, uppbyggingu og h\u00f6nnun, er \u00fea\u00f0 banna\u00f0:<\/p>\n\n\n\n<p>\u2013 Endurger\u00f0, afritun, dreifing, dreifing, breyting e\u00f0a opinber mi\u00f0lun \u00feess, nema eigendur hafi sk\u00fdrt sam\u00feykki.<\/p>\n\n\n\n<p>\u2013 Notkun \u00feess \u00ed vi\u00f0skiptalegum e\u00f0a augl\u00fdsingum, \u00f6\u00f0rum en \u00feeim sem stranglega eru leyf\u00f0.<\/p>\n\n\n\n<p>\u2013 Notkun \u00feess \u00ed \u00f6\u00f0rum tilgangi en \u00feeim sem \u00e1 vefs\u00ed\u00f0unni eru tilgreindir e\u00f0a heimila\u00f0ir samkv\u00e6mt l\u00f6gum.<\/p>\n\n\n\n<ul class=\"wp-block-list\">\n<li><strong>\u00c1ST\u00c6\u00d0UR FYRIR \u00daTILOKUN NOTENDA<\/strong><\/li>\n<\/ul>\n\n\n\n<p>HOTELES BCL \u00e1skilur s\u00e9r r\u00e9tt til a\u00f0 \u00fatiloka notendur t\u00edmabundi\u00f0 e\u00f0a varanlega vegna vanefndar notkunarskilm\u00e1la e\u00f0a brota gegn l\u00f6gum, si\u00f0fer\u00f0i, g\u00f3\u00f0um si\u00f0um e\u00f0a almennri reglu.<\/p>\n\n\n\n<p>\u00datilokun notenda \u00fe\u00fd\u00f0ir ekki a\u00f0 fyrirt\u00e6ki\u00f0 afsali s\u00e9r fr\u00e1 \u00fev\u00ed a\u00f0 gr\u00edpa til vi\u00f0eigandi l\u00f6gfr\u00e6\u00f0ilegra a\u00f0ger\u00f0a e\u00f0a krefjast b\u00f3ta sem \u00fea\u00f0 \u00e1 r\u00e9tt \u00e1 samkv\u00e6mt l\u00f6gum.<\/p>\n\n\n\n<ul class=\"wp-block-list\">\n<li><strong>TENGLAR<\/strong><\/li>\n<\/ul>\n\n\n\n<p>Vefs\u00ed\u00f0an veitir notendum hlekki \u00e1 a\u00f0rar vefs\u00ed\u00f0ur sem eru ekki reknar e\u00f0a undir stj\u00f3rn fyrirt\u00e6kisins, og \u00e1byrgist \u00fev\u00ed ekki, n\u00e9 ber h\u00fan \u00e1byrg\u00f0 \u00e1 l\u00f6gm\u00e6ti, \u00e1rei\u00f0anleika, notagildi, sannleiksgildi og t\u00edmanleika innihalds sl\u00edkra vefs\u00ed\u00f0na n\u00e9 pers\u00f3nuverndarvenjum \u00feeirra.  \u00c1\u00f0ur en \u00fe\u00fa gefur pers\u00f3nuuppl\u00fdsingar \u00fe\u00ednar til \u00feessara \u00feri\u00f0ja a\u00f0ila vefs\u00ed\u00f0na, vinsamlegast haf\u00f0u \u00ed huga a\u00f0 pers\u00f3nuverndarvenjur \u00feeirra geta veri\u00f0 fr\u00e1brug\u00f0nar okkar.<\/p>\n\n\n\n<p>HOTELES BCL ber enga \u00e1byrg\u00f0 \u00e1 tj\u00f3ni af neinu tagi sem kann a\u00f0 stafa af a\u00f0gangi, vi\u00f0haldi, notkun, g\u00e6\u00f0um, l\u00f6gm\u00e6ti, \u00e1rei\u00f0anleika og gagnsemi innihalds, uppl\u00fdsinga, samskipta, sko\u00f0ana, yfirl\u00fdsinga, vara og \u00fej\u00f3nustu sem eru til e\u00f0a eru \u00ed bo\u00f0i \u00e1 vefs\u00ed\u00f0um sem HOTELES BCL rekur ekki og eru a\u00f0gengilegar \u00ed gegnum vefs\u00ed\u00f0una.<\/p>\n\n\n\n<p>Notendur e\u00f0a \u00feri\u00f0ju a\u00f0ilar sem \u00e6tla a\u00f0 setja upp hlekk \u00e1 vefs\u00ed\u00f0una ver\u00f0a a\u00f0 tryggja a\u00f0 hlekkurinn endurgeri ekki, \u00fear me\u00f0 tali\u00f0 en ekki takmarka\u00f0 vi\u00f0, endurger\u00f0 efnis, dj\u00faptengla, vafra, \u00f3n\u00e1kv\u00e6mra e\u00f0a rangra fullyr\u00f0inga um vefs\u00ed\u00f0una, \u00fej\u00f3nustu hennar og innihald. Nema \u00feau skilti sem eru hluti af hlekknum, tryggja notendur a\u00f0 vefs\u00ed\u00f0an sem hlekkurinn er settur \u00e1 innihaldi ekki v\u00f6rumerki, v\u00f6rumerki, l\u00f3g\u00f3 e\u00f0a neitt s\u00e9rstakt merki sem tilheyrir fyrirt\u00e6kinu. <\/p>\n\n\n\n<p>Stofnun hlekksins gerir ekki r\u00e1\u00f0 fyrir neinu sambandi milli \u00feri\u00f0ja a\u00f0ila og fyrirt\u00e6kisins, n\u00e9 a\u00f0 fyrirt\u00e6ki\u00f0 sam\u00feykki innihald e\u00f0a \u00fej\u00f3nustu vefs\u00ed\u00f0unnar sem hlekkurinn er ger\u00f0ur fr\u00e1.<\/p>\n\n\n\n<ul class=\"wp-block-list\">\n<li><strong>HUGVERKA- OG I\u00d0NA\u00d0ARR\u00c9TTINDI<\/strong><\/li>\n<\/ul>\n\n\n\n<p>HOTELES BCL, sj\u00e1lft e\u00f0a sem framsalshafi, \u00e1 \u00f6ll v\u00f6rumerki, v\u00f6rumerki e\u00f0a s\u00e9rkenni af hva\u00f0a tagi sem er sem birtast \u00e1 vefs\u00ed\u00f0unni, sem og innihaldi og uppl\u00fdsingum hennar og \u00e1skilur s\u00e9r \u00f6ll r\u00e9ttindi yfir \u00feeim, \u00feannig a\u00f0 notkun sem HOTELES BCL hefur ekki \u00e1\u00f0ur heimila\u00f0,  \u00dea\u00f0 ver\u00f0ur tali\u00f0 alvarlegt brot \u00e1 hugverkar\u00e9tti e\u00f0a i\u00f0na\u00f0arr\u00e9ttindum.<\/p>\n\n\n\n<p>Dreifing, breytingar, flutningur, opinber samskipti e\u00f0a \u00f6nnur ath\u00f6fn a\u00f0 hluta e\u00f0a \u00f6llu efni og\/e\u00f0a uppl\u00fdsingum sem birt eru \u00e1 vefs\u00ed\u00f0unni er ekki leyf\u00f0 \u00e1n fyrirfram leyfis fr\u00e1 HOTELES BCL<\/p>\n\n\n\n<ul class=\"wp-block-list\">\n<li><strong>PERS\u00d3NUVERND OG PERS\u00d3NUVERNDARSTEFNA<\/strong><\/li>\n<\/ul>\n\n\n\n<p>Vi\u00f0 tilkynnum a\u00f0 BCL HOTELS uppfyllir kr\u00f6fur sem settar eru me\u00f0 almennu pers\u00f3nuverndarregluger\u00f0inni 2016\/679. \u00cd \u00feessu sambandi viljum vi\u00f0 uppl\u00fdsa \u00feig um a\u00f0 g\u00f6gnin sem \u00fe\u00fa veitir okkur ver\u00f0a unnin af HOTELES BCL, me\u00f0 skr\u00e1\u00f0a skrifstofu \u00e1 Avda. Severo Ochoa nr. 3, 03503 Benidorm, Alicante, til a\u00f0 stj\u00f3rna samningsbundinni \u00fej\u00f3nustu \u00e1 r\u00e9ttan h\u00e1tt e\u00f0a, \u00fear sem vi\u00f0 \u00e1, bei\u00f0ni \u00feinni um \u00fej\u00f3nustu sem berst \u00ed gegnum vefs\u00ed\u00f0u okkar e\u00f0a pers\u00f3nulega \u00e1 einhverjum af okkar st\u00f6\u00f0um.  byggt \u00e1 samningsbundnu e\u00f0a, \u00fear sem vi\u00f0 \u00e1, fyrirfram samningsbundnu sambandi sem \u00fe\u00fa \u00e1tt vi\u00f0 HOTELES BCL. \u00c1 sama h\u00e1tt, byggt \u00e1 l\u00f6gm\u00e6tum hagsmunum HOTELES BCL, f\u00e6r\u00f0u sendar vi\u00f0skiptauppl\u00fdsingar um v\u00f6rur og \u00fej\u00f3nustu HOTELES BCL sem g\u00e6tu veri\u00f0 \u00fe\u00e9r \u00e1hugaver\u00f0ar, me\u00f0 tilliti til \u00feess sem \u00fe\u00fa hefur \u00e1\u00f0ur sami\u00f0 um. \u00cd \u00feessu samhengi skal teki\u00f0 fram a\u00f0 einu pers\u00f3nuuppl\u00fdsingarnar sem BCL HOTELS hafa a\u00f0gang a\u00f0 eru \u00fe\u00e6r sem \u00fe\u00fa veitir sj\u00e1lfviljugur \u00ed gegnum mismunandi r\u00e1sir sem eru virkja\u00f0ar \u00ed \u00feessum tilgangi.    <\/p>\n\n\n\n<p>\u00c1 sama h\u00e1tt tilkynnum vi\u00f0 a\u00f0 \u00feegar einhver flutningur pers\u00f3nuuppl\u00fdsinga til \u00feri\u00f0ja a\u00f0ila \u00e1 a\u00f0 fara fram, ver\u00f0ur be\u00f0i\u00f0 um sk\u00fdrt, uppl\u00fdst og \u00f3tv\u00edr\u00e6tt sam\u00feykki eigenda fyrirfram, nema \u00feeim yfirv\u00f6ldum sem fyrirt\u00e6ki\u00f0 er skylt a\u00f0 senda uppl\u00fdsingar til vegna lagalegrar skyldu.<\/p>\n\n\n\n<p>G\u00f6gnin \u00fe\u00edn ver\u00f0a geymd allan vi\u00f0skiptat\u00edma \u00feinn vi\u00f0 f\u00e9lagi\u00f0 og, \u00feegar \u00feessu t\u00edmabili l\u00fdkur, eins lengi og l\u00f6g krefjast, \u00fe.e. \u00fear til allar skuldbindingar sem stafa af sambandinu vi\u00f0 f\u00e9lagi\u00f0 renna \u00fat. \u00der\u00e1tt fyrir framangreint, \u00ed \u00feeim tilvikum \u00fear sem sending vi\u00f0skiptalegra samskipta \u00e1 vi\u00f0, ver\u00f0a g\u00f6gnin \u00fe\u00edn geymd \u00fear til \u00fe\u00fa s\u00fdnir fram \u00e1 andst\u00f6\u00f0u \u00fe\u00edna. <\/p>\n\n\n\n<p>\u00de\u00fa getur n\u00fdtt a\u00f0gangsr\u00e9tt, lei\u00f0r\u00e9ttingu, ey\u00f0ingu, andm\u00e6li, takm\u00f6rkun \u00e1 gagnavinnslu, gagnaflutning, auk \u00feess a\u00f0 vera ekki h\u00e1\u00f0 sj\u00e1lfvirkum \u00e1kv\u00f6r\u00f0unum, me\u00f0 \u00fev\u00ed a\u00f0 senda \u00e1 ofangreint heimilisfang e\u00f0a \u00e1 eftirfarandi netfang: rgpd@hotelesbcl.com, me\u00f0 afriti af skilr\u00edkjakorti \u00fe\u00ednu e\u00f0a skj\u00f6lum sem sanna au\u00f0kenni \u00feitt. Auk \u00feess getur \u00fe\u00fa lagt fram kv\u00f6rtun til sp\u00e6nsku pers\u00f3nuverndarstofnunarinnar \u00feegar \u00fe\u00fa telur a\u00f0 fyrirt\u00e6ki\u00f0 hafi broti\u00f0 \u00e1 r\u00e9ttindum \u00fe\u00ednum sem gilda um pers\u00f3nuvernd. <\/p>\n\n\n\n<p>\u00c1 hinn b\u00f3ginn tryggir fyrirt\u00e6ki\u00f0 a\u00f0 \u00fea\u00f0 hafi innleitt nau\u00f0synlegar t\u00e6knilegar og skipulagslegar \u00f6ryggisr\u00e1\u00f0stafanir til a\u00f0 tryggja \u00f6ryggi pers\u00f3nuuppl\u00fdsinga \u00feinna og koma \u00ed veg fyrir breytingar, tap og \u00f3heimila vinnslu og\/e\u00f0a a\u00f0gang, me\u00f0 tilliti til t\u00e6kni\u00e1stands, e\u00f0lis geymdra gagna og \u00e1h\u00e6ttu sem \u00feau ver\u00f0a fyrir.  hvort sem \u00fe\u00e6r koma fr\u00e1 mannlegum ath\u00f6fnum e\u00f0a fr\u00e1 l\u00edkamlegu e\u00f0a n\u00e1tt\u00farulegu umhverfi.<\/p>\n\n\n\n<ul class=\"wp-block-list\">\n<li><strong>\u00daTILOKUN \u00c1BYRG\u00d0AR OG \u00c1BYRG\u00d0AR:<\/strong><\/li>\n<\/ul>\n\n\n\n<p>Fyrirt\u00e6ki\u00f0 ber enga \u00e1byrg\u00f0, undir neinum kringumst\u00e6\u00f0um, \u00e1 skemmdum af neinu tagi sem kann a\u00f0 ver\u00f0a, til d\u00e6mis: villur e\u00f0a vanr\u00e6kslur \u00ed innihaldi, skortur \u00e1 a\u00f0gengi a\u00f0 vefnum e\u00f0a flutningi v\u00edrusa e\u00f0a ska\u00f0legra e\u00f0a ska\u00f0legra forrita \u00ed efninu, \u00fer\u00e1tt fyrir a\u00f0 hafa gripi\u00f0 til allra nau\u00f0synlegra t\u00e6knilegra r\u00e1\u00f0stafana til a\u00f0 koma \u00ed veg fyrir \u00fea\u00f0.<\/p>\n\n\n\n<ul class=\"wp-block-list\">\n<li><strong>VI\u00d0EIGANDI L\u00d6G OG L\u00d6GSAGA<\/strong><\/li>\n<\/ul>\n\n\n\n<p>Sambandi\u00f0 milli fyrirt\u00e6kisins og notenda ver\u00f0ur stj\u00f3rna\u00f0 af gildandi sp\u00e6nskum l\u00f6gum.<\/p>\n\n\n\n<p>Til a\u00f0 leysa \u00far \u00f6llum deilum sem kunna a\u00f0 koma upp, var\u00f0andi gildi, framkv\u00e6md, samr\u00e6mi e\u00f0a slit \u00feessara notkunarskilm\u00e1la, leggja fyrirt\u00e6ki\u00f0 og notendurnir, me\u00f0 \u00fev\u00ed a\u00f0 afsala s\u00e9r eigin l\u00f6gs\u00f6gu e\u00f0a \u00f6\u00f0rum sem, \u00fear sem vi\u00f0 \u00e1, kunna a\u00f0 samsvara \u00feeim, l\u00f6gs\u00f6gu d\u00f3mst\u00f3la og d\u00f3mst\u00f3la Benidorm.<\/p>\n<\/div><\/div>\n","protected":false},"excerpt":{"rendered":"<p>YFIRLIT Tilgangur \u00feessara lagalegu uppl\u00fdsinga er a\u00f0 stj\u00f3rna notkun \u00fej\u00f3nustu &#8222;www.hotelesbcl.com&#8220; vefs\u00ed\u00f0unnar (h\u00e9r eftir &#8222;Vefs\u00ed\u00f0an&#8220;), og gera a\u00f0gengilegar l\u00f6gfr\u00e6\u00f0ilegar uppl\u00fdsingar sem tengjast \u00fej\u00f3nustu Levante Club S.L.U, Levante Club Hoteles S.L.U og\/e\u00f0a Duc Triangular S.L (h\u00e9r eftir kalla\u00f0 &#8222;Notendur&#8220;), sem tengjast \u00fej\u00f3nustu Levante Club S.L.U, Levante Club Hoteles S.L.U og\/e\u00f0a Duc Triangular S.L (h\u00e9r eftir eftir&hellip; <a class=\"more-link\" href=\"https:\/\/hotelesbcl.com\/is\/logfraedileg-tilkynning\/\">Continue reading <span class=\"screen-reader-text\">L\u00f6gfr\u00e6\u00f0ileg tilkynning<\/span><\/a><\/p>\n","protected":false},"author":1,"featured_media":0,"parent":0,"menu_order":0,"comment_status":"closed","ping_status":"closed","template":"tp-legales.php","meta":{"inline_featured_image":false,"footnotes":""},"class_list":["post-13809","page","type-page","status-publish","hentry","entry"],"acf":[],"yoast_head":"<!-- This site is optimized with the Yoast SEO Premium plugin v27.5 (Yoast SEO v27.6) - https:\/\/yoast.com\/product\/yoast-seo-premium-wordpress\/ -->\n<title>L\u00f6gfr\u00e6\u00f0ileg tilkynning - Grupo Hoteles y Aparthoteles BCL<\/title>\n<meta name=\"robots\" content=\"index, follow, max-snippet:-1, max-image-preview:large, max-video-preview:-1\" \/>\n<link rel=\"canonical\" href=\"https:\/\/hotelesbcl.com\/is\/logfraedileg-tilkynning\/\" \/>\n<meta property=\"og:locale\" content=\"is_IS\" \/>\n<meta property=\"og:type\" content=\"article\" \/>\n<meta property=\"og:title\" content=\"L\u00f6gfr\u00e6\u00f0ileg tilkynning\" \/>\n<meta property=\"og:description\" content=\"YFIRLIT Tilgangur \u00feessara lagalegu uppl\u00fdsinga er a\u00f0 stj\u00f3rna notkun \u00fej\u00f3nustu &#8222;www.hotelesbcl.com&#8220; vefs\u00ed\u00f0unnar (h\u00e9r eftir &#8222;Vefs\u00ed\u00f0an&#8220;), og gera a\u00f0gengilegar l\u00f6gfr\u00e6\u00f0ilegar uppl\u00fdsingar sem tengjast \u00fej\u00f3nustu Levante Club S.L.U, Levante Club Hoteles S.L.U og\/e\u00f0a Duc Triangular S.L (h\u00e9r eftir kalla\u00f0 &#8222;Notendur&#8220;), sem tengjast \u00fej\u00f3nustu Levante Club S.L.U, Levante Club Hoteles S.L.U og\/e\u00f0a Duc Triangular S.L (h\u00e9r eftir eftir&hellip; Continue reading L\u00f6gfr\u00e6\u00f0ileg tilkynning\" \/>\n<meta property=\"og:url\" content=\"https:\/\/hotelesbcl.com\/is\/logfraedileg-tilkynning\/\" \/>\n<meta property=\"og:site_name\" content=\"Grupo Hoteles y Aparthoteles BCL\" \/>\n<meta property=\"article:publisher\" content=\"https:\/\/www.facebook.com\/HotelBCLLevanteClub\/\" \/>\n<meta property=\"article:modified_time\" content=\"2025-11-21T11:01:04+00:00\" \/>\n<meta name=\"twitter:card\" content=\"summary_large_image\" \/>\n<meta name=\"twitter:label1\" content=\"Est. reading time\" \/>\n\t<meta name=\"twitter:data1\" content=\"9 minutes\" \/>\n<script type=\"application\/ld+json\" class=\"yoast-schema-graph\">{\"@context\":\"https:\\\/\\\/schema.org\",\"@graph\":[{\"@type\":\"WebPage\",\"@id\":\"https:\\\/\\\/hotelesbcl.com\\\/is\\\/logfraedileg-tilkynning\\\/\",\"url\":\"https:\\\/\\\/hotelesbcl.com\\\/is\\\/logfraedileg-tilkynning\\\/\",\"name\":\"L\u00f6gfr\u00e6\u00f0ileg tilkynning - Grupo Hoteles y Aparthoteles BCL\",\"isPartOf\":{\"@id\":\"https:\\\/\\\/hotelesbcl.com\\\/en\\\/#website\"},\"datePublished\":\"2025-11-21T11:00:31+00:00\",\"dateModified\":\"2025-11-21T11:01:04+00:00\",\"breadcrumb\":{\"@id\":\"https:\\\/\\\/hotelesbcl.com\\\/is\\\/logfraedileg-tilkynning\\\/#breadcrumb\"},\"inLanguage\":\"is\",\"potentialAction\":[{\"@type\":\"ReadAction\",\"target\":[\"https:\\\/\\\/hotelesbcl.com\\\/is\\\/logfraedileg-tilkynning\\\/\"]}]},{\"@type\":\"BreadcrumbList\",\"@id\":\"https:\\\/\\\/hotelesbcl.com\\\/is\\\/logfraedileg-tilkynning\\\/#breadcrumb\",\"itemListElement\":[{\"@type\":\"ListItem\",\"position\":1,\"name\":\"Portada\",\"item\":\"https:\\\/\\\/hotelesbcl.com\\\/is\\\/\"},{\"@type\":\"ListItem\",\"position\":2,\"name\":\"L\u00f6gfr\u00e6\u00f0ileg tilkynning\"}]},{\"@type\":\"WebSite\",\"@id\":\"https:\\\/\\\/hotelesbcl.com\\\/en\\\/#website\",\"url\":\"https:\\\/\\\/hotelesbcl.com\\\/en\\\/\",\"name\":\"Grupo Hoteles y Aparthoteles BCL\",\"description\":\"Disfrute de la experiencia BCL. Sus mejores vacaciones comienzan con nosotros\",\"publisher\":{\"@id\":\"https:\\\/\\\/hotelesbcl.com\\\/en\\\/#organization\"},\"potentialAction\":[{\"@type\":\"SearchAction\",\"target\":{\"@type\":\"EntryPoint\",\"urlTemplate\":\"https:\\\/\\\/hotelesbcl.com\\\/en\\\/?s={search_term_string}\"},\"query-input\":{\"@type\":\"PropertyValueSpecification\",\"valueRequired\":true,\"valueName\":\"search_term_string\"}}],\"inLanguage\":\"is\"},{\"@type\":\"Organization\",\"@id\":\"https:\\\/\\\/hotelesbcl.com\\\/en\\\/#organization\",\"name\":\"Grupo Hoteles y Aparthoteles BCL\",\"url\":\"https:\\\/\\\/hotelesbcl.com\\\/en\\\/\",\"logo\":{\"@type\":\"ImageObject\",\"inLanguage\":\"is\",\"@id\":\"https:\\\/\\\/hotelesbcl.com\\\/en\\\/#\\\/schema\\\/logo\\\/image\\\/\",\"url\":\"https:\\\/\\\/hotelesbcl.com\\\/wp-content\\\/uploads\\\/2022\\\/03\\\/Grupo-253.png\",\"contentUrl\":\"https:\\\/\\\/hotelesbcl.com\\\/wp-content\\\/uploads\\\/2022\\\/03\\\/Grupo-253.png\",\"width\":156,\"height\":56,\"caption\":\"Grupo Hoteles y Aparthoteles BCL\"},\"image\":{\"@id\":\"https:\\\/\\\/hotelesbcl.com\\\/en\\\/#\\\/schema\\\/logo\\\/image\\\/\"},\"sameAs\":[\"https:\\\/\\\/www.facebook.com\\\/HotelBCLLevanteClub\\\/\"]}]}<\/script>\n<!-- \/ Yoast SEO Premium plugin. -->","yoast_head_json":{"title":"L\u00f6gfr\u00e6\u00f0ileg tilkynning - Grupo Hoteles y Aparthoteles BCL","robots":{"index":"index","follow":"follow","max-snippet":"max-snippet:-1","max-image-preview":"max-image-preview:large","max-video-preview":"max-video-preview:-1"},"canonical":"https:\/\/hotelesbcl.com\/is\/logfraedileg-tilkynning\/","og_locale":"is_IS","og_type":"article","og_title":"L\u00f6gfr\u00e6\u00f0ileg tilkynning","og_description":"YFIRLIT Tilgangur \u00feessara lagalegu uppl\u00fdsinga er a\u00f0 stj\u00f3rna notkun \u00fej\u00f3nustu &#8222;www.hotelesbcl.com&#8220; vefs\u00ed\u00f0unnar (h\u00e9r eftir &#8222;Vefs\u00ed\u00f0an&#8220;), og gera a\u00f0gengilegar l\u00f6gfr\u00e6\u00f0ilegar uppl\u00fdsingar sem tengjast \u00fej\u00f3nustu Levante Club S.L.U, Levante Club Hoteles S.L.U og\/e\u00f0a Duc Triangular S.L (h\u00e9r eftir kalla\u00f0 &#8222;Notendur&#8220;), sem tengjast \u00fej\u00f3nustu Levante Club S.L.U, Levante Club Hoteles S.L.U og\/e\u00f0a Duc Triangular S.L (h\u00e9r eftir eftir&hellip; Continue reading L\u00f6gfr\u00e6\u00f0ileg tilkynning","og_url":"https:\/\/hotelesbcl.com\/is\/logfraedileg-tilkynning\/","og_site_name":"Grupo Hoteles y Aparthoteles BCL","article_publisher":"https:\/\/www.facebook.com\/HotelBCLLevanteClub\/","article_modified_time":"2025-11-21T11:01:04+00:00","twitter_card":"summary_large_image","twitter_misc":{"Est. reading time":"9 minutes"},"schema":{"@context":"https:\/\/schema.org","@graph":[{"@type":"WebPage","@id":"https:\/\/hotelesbcl.com\/is\/logfraedileg-tilkynning\/","url":"https:\/\/hotelesbcl.com\/is\/logfraedileg-tilkynning\/","name":"L\u00f6gfr\u00e6\u00f0ileg tilkynning - Grupo Hoteles y Aparthoteles BCL","isPartOf":{"@id":"https:\/\/hotelesbcl.com\/en\/#website"},"datePublished":"2025-11-21T11:00:31+00:00","dateModified":"2025-11-21T11:01:04+00:00","breadcrumb":{"@id":"https:\/\/hotelesbcl.com\/is\/logfraedileg-tilkynning\/#breadcrumb"},"inLanguage":"is","potentialAction":[{"@type":"ReadAction","target":["https:\/\/hotelesbcl.com\/is\/logfraedileg-tilkynning\/"]}]},{"@type":"BreadcrumbList","@id":"https:\/\/hotelesbcl.com\/is\/logfraedileg-tilkynning\/#breadcrumb","itemListElement":[{"@type":"ListItem","position":1,"name":"Portada","item":"https:\/\/hotelesbcl.com\/is\/"},{"@type":"ListItem","position":2,"name":"L\u00f6gfr\u00e6\u00f0ileg tilkynning"}]},{"@type":"WebSite","@id":"https:\/\/hotelesbcl.com\/en\/#website","url":"https:\/\/hotelesbcl.com\/en\/","name":"Grupo Hoteles y Aparthoteles BCL","description":"Disfrute de la experiencia BCL. Sus mejores vacaciones comienzan con nosotros","publisher":{"@id":"https:\/\/hotelesbcl.com\/en\/#organization"},"potentialAction":[{"@type":"SearchAction","target":{"@type":"EntryPoint","urlTemplate":"https:\/\/hotelesbcl.com\/en\/?s={search_term_string}"},"query-input":{"@type":"PropertyValueSpecification","valueRequired":true,"valueName":"search_term_string"}}],"inLanguage":"is"},{"@type":"Organization","@id":"https:\/\/hotelesbcl.com\/en\/#organization","name":"Grupo Hoteles y Aparthoteles BCL","url":"https:\/\/hotelesbcl.com\/en\/","logo":{"@type":"ImageObject","inLanguage":"is","@id":"https:\/\/hotelesbcl.com\/en\/#\/schema\/logo\/image\/","url":"https:\/\/hotelesbcl.com\/wp-content\/uploads\/2022\/03\/Grupo-253.png","contentUrl":"https:\/\/hotelesbcl.com\/wp-content\/uploads\/2022\/03\/Grupo-253.png","width":156,"height":56,"caption":"Grupo Hoteles y Aparthoteles BCL"},"image":{"@id":"https:\/\/hotelesbcl.com\/en\/#\/schema\/logo\/image\/"},"sameAs":["https:\/\/www.facebook.com\/HotelBCLLevanteClub\/"]}]}},"_links":{"self":[{"href":"https:\/\/hotelesbcl.com\/is\/wp-json\/wp\/v2\/pages\/13809","targetHints":{"allow":["GET"]}}],"collection":[{"href":"https:\/\/hotelesbcl.com\/is\/wp-json\/wp\/v2\/pages"}],"about":[{"href":"https:\/\/hotelesbcl.com\/is\/wp-json\/wp\/v2\/types\/page"}],"author":[{"embeddable":true,"href":"https:\/\/hotelesbcl.com\/is\/wp-json\/wp\/v2\/users\/1"}],"replies":[{"embeddable":true,"href":"https:\/\/hotelesbcl.com\/is\/wp-json\/wp\/v2\/comments?post=13809"}],"version-history":[{"count":1,"href":"https:\/\/hotelesbcl.com\/is\/wp-json\/wp\/v2\/pages\/13809\/revisions"}],"predecessor-version":[{"id":13810,"href":"https:\/\/hotelesbcl.com\/is\/wp-json\/wp\/v2\/pages\/13809\/revisions\/13810"}],"wp:attachment":[{"href":"https:\/\/hotelesbcl.com\/is\/wp-json\/wp\/v2\/media?parent=13809"}],"curies":[{"name":"wp","href":"https:\/\/api.w.org\/{rel}","templated":true}]}}