{"id":13321,"date":"2025-11-21T10:22:16","date_gmt":"2025-11-21T10:22:16","guid":{"rendered":"https:\/\/hotelesbcl.com\/bcl-levante-lux-aparthotel-i-hverfinu-benidorm\/1-svefnherbergis-ibudir\/"},"modified":"2026-01-23T09:37:32","modified_gmt":"2026-01-23T09:37:32","slug":"1-svefnherbergis-ibudir","status":"publish","type":"page","link":"https:\/\/hotelesbcl.com\/is\/bcl-levante-lux-aparthotel-i-hverfinu-benidorm\/1-svefnherbergis-ibudir\/","title":{"rendered":"1 svefnherbergis \u00edb\u00fa\u00f0ir"},"content":{"rendered":"\n<div class=\"wp-block-group alignwide\"><div class=\"wp-block-group__inner-container is-layout-flow wp-block-group-is-layout-flow\">\n<div class=\"wp-block-media-text alignwide is-stacked-on-mobile is-vertically-aligned-top\"><figure class=\"wp-block-media-text__media\"><img loading=\"lazy\" decoding=\"async\" width=\"682\" height=\"1024\" src=\"https:\/\/hotelesbcl.com\/wp-content\/uploads\/2022\/06\/PISCI-1-682x1024.jpg\" alt=\"\" class=\"wp-image-2719 size-full\" srcset=\"https:\/\/hotelesbcl.com\/wp-content\/uploads\/2022\/06\/PISCI-1-682x1024.jpg 682w, https:\/\/hotelesbcl.com\/wp-content\/uploads\/2022\/06\/PISCI-1-200x300.jpg 200w, https:\/\/hotelesbcl.com\/wp-content\/uploads\/2022\/06\/PISCI-1-768x1152.jpg 768w, https:\/\/hotelesbcl.com\/wp-content\/uploads\/2022\/06\/PISCI-1-1024x1536.jpg 1024w, https:\/\/hotelesbcl.com\/wp-content\/uploads\/2022\/06\/PISCI-1.jpg 1045w\" sizes=\"auto, (max-width: 682px) 100vw, 682px\" \/><\/figure><div class=\"wp-block-media-text__content\">\n<h2 class=\"wp-block-heading\">St\u00f3rar svalir og h\u00e1marksfj\u00f6ldi 3 fullor\u00f0inna e\u00f0a 3 fullor\u00f0inna + eitt barn<\/h2>\n\n\n\n<p>Me\u00f0 h\u00e1marksgetu fyrir 3 fullor\u00f0na e\u00f0a 3 fullor\u00f0na + barn, hafa \u00edb\u00fa\u00f0ir Aparthotel BCL Levante Lux \u00ed Benidorm st\u00f3rar svalir og eru dreif\u00f0ar \u00ed stofu me\u00f0 s\u00f3fa, svefnherbergi me\u00f0 hj\u00f3nar\u00fami, fullb\u00fai\u00f0 eldh\u00fas og fullb\u00fai\u00f0 ba\u00f0herbergi, mi\u00f0l\u00e6ga hitun, sj\u00f3nvarp, \u00f6ryggish\u00f3lf og beint s\u00edma.<\/p>\n<\/div><\/div>\n<\/div><\/div>\n","protected":false},"excerpt":{"rendered":"<p>St\u00f3rar svalir og h\u00e1marksfj\u00f6ldi 3 fullor\u00f0inna e\u00f0a 3 fullor\u00f0inna + eitt barn Me\u00f0 h\u00e1marksgetu fyrir 3 fullor\u00f0na e\u00f0a 3 fullor\u00f0na + barn, hafa \u00edb\u00fa\u00f0ir Aparthotel BCL Levante Lux \u00ed Benidorm st\u00f3rar svalir og eru dreif\u00f0ar \u00ed stofu me\u00f0 s\u00f3fa, svefnherbergi me\u00f0 hj\u00f3nar\u00fami, fullb\u00fai\u00f0 eldh\u00fas og fullb\u00fai\u00f0 ba\u00f0herbergi, mi\u00f0l\u00e6ga hitun, sj\u00f3nvarp, \u00f6ryggish\u00f3lf og beint s\u00edma.<\/p>\n","protected":false},"author":1,"featured_media":13323,"parent":12155,"menu_order":2,"comment_status":"closed","ping_status":"closed","template":"tp-habitaciones.php","meta":{"inline_featured_image":false,"footnotes":""},"class_list":["post-13321","page","type-page","status-publish","has-post-thumbnail","hentry","entry"],"acf":[],"yoast_head":"<!-- This site is optimized with the Yoast SEO Premium plugin v27.5 (Yoast SEO v27.6) - https:\/\/yoast.com\/product\/yoast-seo-premium-wordpress\/ -->\n<title>1 svefnherbergis \u00edb\u00fa\u00f0ir - Grupo Hoteles y Aparthoteles BCL<\/title>\n<meta name=\"robots\" content=\"index, follow, max-snippet:-1, max-image-preview:large, max-video-preview:-1\" \/>\n<link rel=\"canonical\" href=\"https:\/\/hotelesbcl.com\/is\/bcl-levante-lux-aparthotel-i-hverfinu-benidorm\/1-svefnherbergis-ibudir\/\" \/>\n<meta property=\"og:locale\" content=\"is_IS\" \/>\n<meta property=\"og:type\" content=\"article\" \/>\n<meta property=\"og:title\" content=\"1 svefnherbergis \u00edb\u00fa\u00f0ir\" \/>\n<meta property=\"og:description\" content=\"St\u00f3rar svalir og h\u00e1marksfj\u00f6ldi 3 fullor\u00f0inna e\u00f0a 3 fullor\u00f0inna + eitt barn Me\u00f0 h\u00e1marksgetu fyrir 3 fullor\u00f0na e\u00f0a 3 fullor\u00f0na + barn, hafa \u00edb\u00fa\u00f0ir Aparthotel BCL Levante Lux \u00ed Benidorm st\u00f3rar svalir og eru dreif\u00f0ar \u00ed stofu me\u00f0 s\u00f3fa, svefnherbergi me\u00f0 hj\u00f3nar\u00fami, fullb\u00fai\u00f0 eldh\u00fas og fullb\u00fai\u00f0 ba\u00f0herbergi, mi\u00f0l\u00e6ga hitun, sj\u00f3nvarp, \u00f6ryggish\u00f3lf og beint s\u00edma.\" \/>\n<meta property=\"og:url\" content=\"https:\/\/hotelesbcl.com\/is\/bcl-levante-lux-aparthotel-i-hverfinu-benidorm\/1-svefnherbergis-ibudir\/\" \/>\n<meta property=\"og:site_name\" content=\"Grupo Hoteles y Aparthoteles BCL\" \/>\n<meta property=\"article:publisher\" content=\"https:\/\/www.facebook.com\/HotelBCLLevanteClub\/\" \/>\n<meta property=\"article:modified_time\" content=\"2026-01-23T09:37:32+00:00\" \/>\n<meta property=\"og:image\" content=\"https:\/\/hotelesbcl.com\/wp-content\/uploads\/2022\/05\/2-23.jpg\" \/>\n\t<meta property=\"og:image:width\" content=\"693\" \/>\n\t<meta property=\"og:image:height\" content=\"462\" \/>\n\t<meta property=\"og:image:type\" content=\"image\/jpeg\" \/>\n<meta name=\"twitter:card\" content=\"summary_large_image\" \/>\n<script type=\"application\/ld+json\" class=\"yoast-schema-graph\">{\"@context\":\"https:\\\/\\\/schema.org\",\"@graph\":[{\"@type\":\"WebPage\",\"@id\":\"https:\\\/\\\/hotelesbcl.com\\\/is\\\/bcl-levante-lux-aparthotel-i-hverfinu-benidorm\\\/1-svefnherbergis-ibudir\\\/\",\"url\":\"https:\\\/\\\/hotelesbcl.com\\\/is\\\/bcl-levante-lux-aparthotel-i-hverfinu-benidorm\\\/1-svefnherbergis-ibudir\\\/\",\"name\":\"1 svefnherbergis \u00edb\u00fa\u00f0ir - Grupo Hoteles y Aparthoteles BCL\",\"isPartOf\":{\"@id\":\"https:\\\/\\\/hotelesbcl.com\\\/en\\\/#website\"},\"primaryImageOfPage\":{\"@id\":\"https:\\\/\\\/hotelesbcl.com\\\/is\\\/bcl-levante-lux-aparthotel-i-hverfinu-benidorm\\\/1-svefnherbergis-ibudir\\\/#primaryimage\"},\"image\":{\"@id\":\"https:\\\/\\\/hotelesbcl.com\\\/is\\\/bcl-levante-lux-aparthotel-i-hverfinu-benidorm\\\/1-svefnherbergis-ibudir\\\/#primaryimage\"},\"thumbnailUrl\":\"https:\\\/\\\/hotelesbcl.com\\\/wp-content\\\/uploads\\\/2022\\\/05\\\/2-23.jpg\",\"datePublished\":\"2025-11-21T10:22:16+00:00\",\"dateModified\":\"2026-01-23T09:37:32+00:00\",\"breadcrumb\":{\"@id\":\"https:\\\/\\\/hotelesbcl.com\\\/is\\\/bcl-levante-lux-aparthotel-i-hverfinu-benidorm\\\/1-svefnherbergis-ibudir\\\/#breadcrumb\"},\"inLanguage\":\"is\",\"potentialAction\":[{\"@type\":\"ReadAction\",\"target\":[\"https:\\\/\\\/hotelesbcl.com\\\/is\\\/bcl-levante-lux-aparthotel-i-hverfinu-benidorm\\\/1-svefnherbergis-ibudir\\\/\"]}]},{\"@type\":\"ImageObject\",\"inLanguage\":\"is\",\"@id\":\"https:\\\/\\\/hotelesbcl.com\\\/is\\\/bcl-levante-lux-aparthotel-i-hverfinu-benidorm\\\/1-svefnherbergis-ibudir\\\/#primaryimage\",\"url\":\"https:\\\/\\\/hotelesbcl.com\\\/wp-content\\\/uploads\\\/2022\\\/05\\\/2-23.jpg\",\"contentUrl\":\"https:\\\/\\\/hotelesbcl.com\\\/wp-content\\\/uploads\\\/2022\\\/05\\\/2-23.jpg\",\"width\":693,\"height\":462},{\"@type\":\"BreadcrumbList\",\"@id\":\"https:\\\/\\\/hotelesbcl.com\\\/is\\\/bcl-levante-lux-aparthotel-i-hverfinu-benidorm\\\/1-svefnherbergis-ibudir\\\/#breadcrumb\",\"itemListElement\":[{\"@type\":\"ListItem\",\"position\":1,\"name\":\"Portada\",\"item\":\"https:\\\/\\\/hotelesbcl.com\\\/is\\\/\"},{\"@type\":\"ListItem\",\"position\":2,\"name\":\"\u00cdb\u00fa\u00f0ah\u00f3tel fyrir fj\u00f6lskyldur \u00ed Benidorm &#8211; BCL Lux\",\"item\":\"https:\\\/\\\/hotelesbcl.com\\\/is\\\/bcl-levante-lux-aparthotel-i-hverfinu-benidorm\\\/\"},{\"@type\":\"ListItem\",\"position\":3,\"name\":\"1 svefnherbergis \u00edb\u00fa\u00f0ir\"}]},{\"@type\":\"WebSite\",\"@id\":\"https:\\\/\\\/hotelesbcl.com\\\/en\\\/#website\",\"url\":\"https:\\\/\\\/hotelesbcl.com\\\/en\\\/\",\"name\":\"Grupo Hoteles y Aparthoteles BCL\",\"description\":\"Disfrute de la experiencia BCL. Sus mejores vacaciones comienzan con nosotros\",\"publisher\":{\"@id\":\"https:\\\/\\\/hotelesbcl.com\\\/en\\\/#organization\"},\"potentialAction\":[{\"@type\":\"SearchAction\",\"target\":{\"@type\":\"EntryPoint\",\"urlTemplate\":\"https:\\\/\\\/hotelesbcl.com\\\/en\\\/?s={search_term_string}\"},\"query-input\":{\"@type\":\"PropertyValueSpecification\",\"valueRequired\":true,\"valueName\":\"search_term_string\"}}],\"inLanguage\":\"is\"},{\"@type\":\"Organization\",\"@id\":\"https:\\\/\\\/hotelesbcl.com\\\/en\\\/#organization\",\"name\":\"Grupo Hoteles y Aparthoteles BCL\",\"url\":\"https:\\\/\\\/hotelesbcl.com\\\/en\\\/\",\"logo\":{\"@type\":\"ImageObject\",\"inLanguage\":\"is\",\"@id\":\"https:\\\/\\\/hotelesbcl.com\\\/en\\\/#\\\/schema\\\/logo\\\/image\\\/\",\"url\":\"https:\\\/\\\/hotelesbcl.com\\\/wp-content\\\/uploads\\\/2022\\\/03\\\/Grupo-253.png\",\"contentUrl\":\"https:\\\/\\\/hotelesbcl.com\\\/wp-content\\\/uploads\\\/2022\\\/03\\\/Grupo-253.png\",\"width\":156,\"height\":56,\"caption\":\"Grupo Hoteles y Aparthoteles BCL\"},\"image\":{\"@id\":\"https:\\\/\\\/hotelesbcl.com\\\/en\\\/#\\\/schema\\\/logo\\\/image\\\/\"},\"sameAs\":[\"https:\\\/\\\/www.facebook.com\\\/HotelBCLLevanteClub\\\/\"]}]}<\/script>\n<!-- \/ Yoast SEO Premium plugin. -->","yoast_head_json":{"title":"1 svefnherbergis \u00edb\u00fa\u00f0ir - Grupo Hoteles y Aparthoteles BCL","robots":{"index":"index","follow":"follow","max-snippet":"max-snippet:-1","max-image-preview":"max-image-preview:large","max-video-preview":"max-video-preview:-1"},"canonical":"https:\/\/hotelesbcl.com\/is\/bcl-levante-lux-aparthotel-i-hverfinu-benidorm\/1-svefnherbergis-ibudir\/","og_locale":"is_IS","og_type":"article","og_title":"1 svefnherbergis \u00edb\u00fa\u00f0ir","og_description":"St\u00f3rar svalir og h\u00e1marksfj\u00f6ldi 3 fullor\u00f0inna e\u00f0a 3 fullor\u00f0inna + eitt barn Me\u00f0 h\u00e1marksgetu fyrir 3 fullor\u00f0na e\u00f0a 3 fullor\u00f0na + barn, hafa \u00edb\u00fa\u00f0ir Aparthotel BCL Levante Lux \u00ed Benidorm st\u00f3rar svalir og eru dreif\u00f0ar \u00ed stofu me\u00f0 s\u00f3fa, svefnherbergi me\u00f0 hj\u00f3nar\u00fami, fullb\u00fai\u00f0 eldh\u00fas og fullb\u00fai\u00f0 ba\u00f0herbergi, mi\u00f0l\u00e6ga hitun, sj\u00f3nvarp, \u00f6ryggish\u00f3lf og beint s\u00edma.","og_url":"https:\/\/hotelesbcl.com\/is\/bcl-levante-lux-aparthotel-i-hverfinu-benidorm\/1-svefnherbergis-ibudir\/","og_site_name":"Grupo Hoteles y Aparthoteles BCL","article_publisher":"https:\/\/www.facebook.com\/HotelBCLLevanteClub\/","article_modified_time":"2026-01-23T09:37:32+00:00","og_image":[{"width":693,"height":462,"url":"https:\/\/hotelesbcl.com\/wp-content\/uploads\/2022\/05\/2-23.jpg","type":"image\/jpeg"}],"twitter_card":"summary_large_image","schema":{"@context":"https:\/\/schema.org","@graph":[{"@type":"WebPage","@id":"https:\/\/hotelesbcl.com\/is\/bcl-levante-lux-aparthotel-i-hverfinu-benidorm\/1-svefnherbergis-ibudir\/","url":"https:\/\/hotelesbcl.com\/is\/bcl-levante-lux-aparthotel-i-hverfinu-benidorm\/1-svefnherbergis-ibudir\/","name":"1 svefnherbergis \u00edb\u00fa\u00f0ir - Grupo Hoteles y Aparthoteles BCL","isPartOf":{"@id":"https:\/\/hotelesbcl.com\/en\/#website"},"primaryImageOfPage":{"@id":"https:\/\/hotelesbcl.com\/is\/bcl-levante-lux-aparthotel-i-hverfinu-benidorm\/1-svefnherbergis-ibudir\/#primaryimage"},"image":{"@id":"https:\/\/hotelesbcl.com\/is\/bcl-levante-lux-aparthotel-i-hverfinu-benidorm\/1-svefnherbergis-ibudir\/#primaryimage"},"thumbnailUrl":"https:\/\/hotelesbcl.com\/wp-content\/uploads\/2022\/05\/2-23.jpg","datePublished":"2025-11-21T10:22:16+00:00","dateModified":"2026-01-23T09:37:32+00:00","breadcrumb":{"@id":"https:\/\/hotelesbcl.com\/is\/bcl-levante-lux-aparthotel-i-hverfinu-benidorm\/1-svefnherbergis-ibudir\/#breadcrumb"},"inLanguage":"is","potentialAction":[{"@type":"ReadAction","target":["https:\/\/hotelesbcl.com\/is\/bcl-levante-lux-aparthotel-i-hverfinu-benidorm\/1-svefnherbergis-ibudir\/"]}]},{"@type":"ImageObject","inLanguage":"is","@id":"https:\/\/hotelesbcl.com\/is\/bcl-levante-lux-aparthotel-i-hverfinu-benidorm\/1-svefnherbergis-ibudir\/#primaryimage","url":"https:\/\/hotelesbcl.com\/wp-content\/uploads\/2022\/05\/2-23.jpg","contentUrl":"https:\/\/hotelesbcl.com\/wp-content\/uploads\/2022\/05\/2-23.jpg","width":693,"height":462},{"@type":"BreadcrumbList","@id":"https:\/\/hotelesbcl.com\/is\/bcl-levante-lux-aparthotel-i-hverfinu-benidorm\/1-svefnherbergis-ibudir\/#breadcrumb","itemListElement":[{"@type":"ListItem","position":1,"name":"Portada","item":"https:\/\/hotelesbcl.com\/is\/"},{"@type":"ListItem","position":2,"name":"\u00cdb\u00fa\u00f0ah\u00f3tel fyrir fj\u00f6lskyldur \u00ed Benidorm &#8211; BCL Lux","item":"https:\/\/hotelesbcl.com\/is\/bcl-levante-lux-aparthotel-i-hverfinu-benidorm\/"},{"@type":"ListItem","position":3,"name":"1 svefnherbergis \u00edb\u00fa\u00f0ir"}]},{"@type":"WebSite","@id":"https:\/\/hotelesbcl.com\/en\/#website","url":"https:\/\/hotelesbcl.com\/en\/","name":"Grupo Hoteles y Aparthoteles BCL","description":"Disfrute de la experiencia BCL. Sus mejores vacaciones comienzan con nosotros","publisher":{"@id":"https:\/\/hotelesbcl.com\/en\/#organization"},"potentialAction":[{"@type":"SearchAction","target":{"@type":"EntryPoint","urlTemplate":"https:\/\/hotelesbcl.com\/en\/?s={search_term_string}"},"query-input":{"@type":"PropertyValueSpecification","valueRequired":true,"valueName":"search_term_string"}}],"inLanguage":"is"},{"@type":"Organization","@id":"https:\/\/hotelesbcl.com\/en\/#organization","name":"Grupo Hoteles y Aparthoteles BCL","url":"https:\/\/hotelesbcl.com\/en\/","logo":{"@type":"ImageObject","inLanguage":"is","@id":"https:\/\/hotelesbcl.com\/en\/#\/schema\/logo\/image\/","url":"https:\/\/hotelesbcl.com\/wp-content\/uploads\/2022\/03\/Grupo-253.png","contentUrl":"https:\/\/hotelesbcl.com\/wp-content\/uploads\/2022\/03\/Grupo-253.png","width":156,"height":56,"caption":"Grupo Hoteles y Aparthoteles BCL"},"image":{"@id":"https:\/\/hotelesbcl.com\/en\/#\/schema\/logo\/image\/"},"sameAs":["https:\/\/www.facebook.com\/HotelBCLLevanteClub\/"]}]}},"_links":{"self":[{"href":"https:\/\/hotelesbcl.com\/is\/wp-json\/wp\/v2\/pages\/13321","targetHints":{"allow":["GET"]}}],"collection":[{"href":"https:\/\/hotelesbcl.com\/is\/wp-json\/wp\/v2\/pages"}],"about":[{"href":"https:\/\/hotelesbcl.com\/is\/wp-json\/wp\/v2\/types\/page"}],"author":[{"embeddable":true,"href":"https:\/\/hotelesbcl.com\/is\/wp-json\/wp\/v2\/users\/1"}],"replies":[{"embeddable":true,"href":"https:\/\/hotelesbcl.com\/is\/wp-json\/wp\/v2\/comments?post=13321"}],"version-history":[{"count":1,"href":"https:\/\/hotelesbcl.com\/is\/wp-json\/wp\/v2\/pages\/13321\/revisions"}],"predecessor-version":[{"id":13335,"href":"https:\/\/hotelesbcl.com\/is\/wp-json\/wp\/v2\/pages\/13321\/revisions\/13335"}],"up":[{"embeddable":true,"href":"https:\/\/hotelesbcl.com\/is\/wp-json\/wp\/v2\/pages\/12155"}],"wp:featuredmedia":[{"embeddable":true,"href":"https:\/\/hotelesbcl.com\/is\/wp-json\/wp\/v2\/media\/13323"}],"wp:attachment":[{"href":"https:\/\/hotelesbcl.com\/is\/wp-json\/wp\/v2\/media?parent=13321"}],"curies":[{"name":"wp","href":"https:\/\/api.w.org\/{rel}","templated":true}]}}