{"id":1079,"date":"2022-05-05T16:25:57","date_gmt":"2022-05-05T16:25:57","guid":{"rendered":"https:\/\/hotelesbcl.com\/?page_id=1079"},"modified":"2026-01-23T09:37:32","modified_gmt":"2026-01-23T09:37:32","slug":"apartamentos-de-1-dormitorio","status":"publish","type":"page","link":"https:\/\/hotelesbcl.com\/es\/hoteles\/apartahotel-bcl-levante-lux\/apartamentos-de-1-dormitorio\/","title":{"rendered":"Apartamentos de 1 dormitorio"},"content":{"rendered":"\n<div class=\"wp-block-group alignwide\"><div class=\"wp-block-group__inner-container is-layout-flow wp-block-group-is-layout-flow\">\n<div class=\"wp-block-media-text alignwide is-stacked-on-mobile is-vertically-aligned-top\"><figure class=\"wp-block-media-text__media\"><img loading=\"lazy\" decoding=\"async\" width=\"682\" height=\"1024\" src=\"https:\/\/hotelesbcl.com\/wp-content\/uploads\/2022\/06\/PISCI-1-682x1024.jpg\" alt=\"\" class=\"wp-image-2719 size-full\" srcset=\"https:\/\/hotelesbcl.com\/wp-content\/uploads\/2022\/06\/PISCI-1-682x1024.jpg 682w, https:\/\/hotelesbcl.com\/wp-content\/uploads\/2022\/06\/PISCI-1-200x300.jpg 200w, https:\/\/hotelesbcl.com\/wp-content\/uploads\/2022\/06\/PISCI-1-768x1152.jpg 768w, https:\/\/hotelesbcl.com\/wp-content\/uploads\/2022\/06\/PISCI-1-1024x1536.jpg 1024w, https:\/\/hotelesbcl.com\/wp-content\/uploads\/2022\/06\/PISCI-1.jpg 1045w\" sizes=\"auto, (max-width: 682px) 100vw, 682px\" \/><\/figure><div class=\"wp-block-media-text__content\">\n<h2 class=\"wp-block-heading\">Amplias terrazas y capacidad m\u00e1xima de 3 adultos o 3 adultos + un ni\u00f1o<\/h2>\n\n\n\n<p>Con capacidad m\u00e1xima para 3 adultos o 3 adultos + un ni\u00f1o, los apartamentos del Aparthotel BCL Levante Lux en Benidorm tienen amplias terrazas y est\u00e1n distribuidos en sal\u00f3n comedor con sof\u00e1 cama, habitaci\u00f3n con cama matrimonial, cocina totalmente equipada y ba\u00f1o completo, calefacci\u00f3n central, televisi\u00f3n, caja fuerte, tel\u00e9fono directo.<\/p>\n<\/div><\/div>\n<\/div><\/div>\n","protected":false},"excerpt":{"rendered":"<p>Amplias terrazas y capacidad m\u00e1xima de 3 adultos o 3 adultos + un ni\u00f1o Con capacidad m\u00e1xima para 3 adultos o 3 adultos + un ni\u00f1o, los apartamentos del Aparthotel BCL Levante Lux en Benidorm tienen amplias terrazas y est\u00e1n distribuidos en sal\u00f3n comedor con sof\u00e1 cama, habitaci\u00f3n con cama matrimonial, cocina totalmente equipada y&hellip; <a class=\"more-link\" href=\"https:\/\/hotelesbcl.com\/es\/hoteles\/apartahotel-bcl-levante-lux\/apartamentos-de-1-dormitorio\/\">Seguir leyendo <span class=\"screen-reader-text\">Apartamentos de 1 dormitorio<\/span><\/a><\/p>\n","protected":false},"author":1,"featured_media":1082,"parent":422,"menu_order":2,"comment_status":"closed","ping_status":"closed","template":"tp-habitaciones.php","meta":{"inline_featured_image":false,"footnotes":""},"class_list":["post-1079","page","type-page","status-publish","has-post-thumbnail","hentry","entry"],"acf":[],"yoast_head":"<!-- This site is optimized with the Yoast SEO Premium plugin v27.5 (Yoast SEO v27.6) - https:\/\/yoast.com\/product\/yoast-seo-premium-wordpress\/ -->\n<title>Apartamentos de 1 dormitorio - Grupo Hoteles y Aparthoteles BCL<\/title>\n<meta name=\"robots\" content=\"index, follow, max-snippet:-1, max-image-preview:large, max-video-preview:-1\" \/>\n<link rel=\"canonical\" href=\"https:\/\/hotelesbcl.com\/es\/hoteles\/apartahotel-bcl-levante-lux\/apartamentos-de-1-dormitorio\/\" \/>\n<meta property=\"og:locale\" content=\"es_ES\" \/>\n<meta property=\"og:type\" content=\"article\" \/>\n<meta property=\"og:title\" content=\"Apartamentos de 1 dormitorio\" \/>\n<meta property=\"og:description\" content=\"Amplias terrazas y capacidad m\u00e1xima de 3 adultos o 3 adultos + un ni\u00f1o Con capacidad m\u00e1xima para 3 adultos o 3 adultos + un ni\u00f1o, los apartamentos del Aparthotel BCL Levante Lux en Benidorm tienen amplias terrazas y est\u00e1n distribuidos en sal\u00f3n comedor con sof\u00e1 cama, habitaci\u00f3n con cama matrimonial, cocina totalmente equipada y&hellip; Seguir leyendo Apartamentos de 1 dormitorio\" \/>\n<meta property=\"og:url\" content=\"https:\/\/hotelesbcl.com\/es\/hoteles\/apartahotel-bcl-levante-lux\/apartamentos-de-1-dormitorio\/\" \/>\n<meta property=\"og:site_name\" content=\"Grupo Hoteles y Aparthoteles BCL\" \/>\n<meta property=\"article:publisher\" content=\"https:\/\/www.facebook.com\/HotelBCLLevanteClub\/\" \/>\n<meta property=\"article:modified_time\" content=\"2026-01-23T09:37:32+00:00\" \/>\n<meta property=\"og:image\" content=\"https:\/\/hotelesbcl.com\/wp-content\/uploads\/2022\/05\/2-23.jpg\" \/>\n\t<meta property=\"og:image:width\" content=\"693\" \/>\n\t<meta property=\"og:image:height\" content=\"462\" \/>\n\t<meta property=\"og:image:type\" content=\"image\/jpeg\" \/>\n<meta name=\"twitter:card\" content=\"summary_large_image\" \/>\n<meta name=\"twitter:label1\" content=\"Tiempo de lectura\" \/>\n\t<meta name=\"twitter:data1\" content=\"1 minuto\" \/>\n<script type=\"application\/ld+json\" class=\"yoast-schema-graph\">{\"@context\":\"https:\\\/\\\/schema.org\",\"@graph\":[{\"@type\":\"WebPage\",\"@id\":\"https:\\\/\\\/hotelesbcl.com\\\/es\\\/hoteles\\\/apartahotel-bcl-levante-lux\\\/apartamentos-de-1-dormitorio\\\/\",\"url\":\"https:\\\/\\\/hotelesbcl.com\\\/es\\\/hoteles\\\/apartahotel-bcl-levante-lux\\\/apartamentos-de-1-dormitorio\\\/\",\"name\":\"Apartamentos de 1 dormitorio - Grupo Hoteles y Aparthoteles BCL\",\"isPartOf\":{\"@id\":\"https:\\\/\\\/hotelesbcl.com\\\/en\\\/#website\"},\"primaryImageOfPage\":{\"@id\":\"https:\\\/\\\/hotelesbcl.com\\\/es\\\/hoteles\\\/apartahotel-bcl-levante-lux\\\/apartamentos-de-1-dormitorio\\\/#primaryimage\"},\"image\":{\"@id\":\"https:\\\/\\\/hotelesbcl.com\\\/es\\\/hoteles\\\/apartahotel-bcl-levante-lux\\\/apartamentos-de-1-dormitorio\\\/#primaryimage\"},\"thumbnailUrl\":\"https:\\\/\\\/hotelesbcl.com\\\/wp-content\\\/uploads\\\/2022\\\/05\\\/2-23.jpg\",\"datePublished\":\"2022-05-05T16:25:57+00:00\",\"dateModified\":\"2026-01-23T09:37:32+00:00\",\"breadcrumb\":{\"@id\":\"https:\\\/\\\/hotelesbcl.com\\\/es\\\/hoteles\\\/apartahotel-bcl-levante-lux\\\/apartamentos-de-1-dormitorio\\\/#breadcrumb\"},\"inLanguage\":\"es\",\"potentialAction\":[{\"@type\":\"ReadAction\",\"target\":[\"https:\\\/\\\/hotelesbcl.com\\\/es\\\/hoteles\\\/apartahotel-bcl-levante-lux\\\/apartamentos-de-1-dormitorio\\\/\"]}]},{\"@type\":\"ImageObject\",\"inLanguage\":\"es\",\"@id\":\"https:\\\/\\\/hotelesbcl.com\\\/es\\\/hoteles\\\/apartahotel-bcl-levante-lux\\\/apartamentos-de-1-dormitorio\\\/#primaryimage\",\"url\":\"https:\\\/\\\/hotelesbcl.com\\\/wp-content\\\/uploads\\\/2022\\\/05\\\/2-23.jpg\",\"contentUrl\":\"https:\\\/\\\/hotelesbcl.com\\\/wp-content\\\/uploads\\\/2022\\\/05\\\/2-23.jpg\",\"width\":693,\"height\":462},{\"@type\":\"BreadcrumbList\",\"@id\":\"https:\\\/\\\/hotelesbcl.com\\\/es\\\/hoteles\\\/apartahotel-bcl-levante-lux\\\/apartamentos-de-1-dormitorio\\\/#breadcrumb\",\"itemListElement\":[{\"@type\":\"ListItem\",\"position\":1,\"name\":\"Portada\",\"item\":\"https:\\\/\\\/hotelesbcl.com\\\/es\\\/\"},{\"@type\":\"ListItem\",\"position\":2,\"name\":\"Hoteles\",\"item\":\"https:\\\/\\\/hotelesbcl.com\\\/es\\\/?page_id=37\"},{\"@type\":\"ListItem\",\"position\":3,\"name\":\"Aparthotel para Familias en Benidorm &#8211; BCL Levante Lux\",\"item\":\"https:\\\/\\\/hotelesbcl.com\\\/es\\\/hoteles\\\/apartahotel-bcl-levante-lux\\\/\"},{\"@type\":\"ListItem\",\"position\":4,\"name\":\"Apartamentos de 1 dormitorio\"}]},{\"@type\":\"WebSite\",\"@id\":\"https:\\\/\\\/hotelesbcl.com\\\/en\\\/#website\",\"url\":\"https:\\\/\\\/hotelesbcl.com\\\/en\\\/\",\"name\":\"Grupo Hoteles y Aparthoteles BCL\",\"description\":\"Disfrute de la experiencia BCL. Sus mejores vacaciones comienzan con nosotros\",\"publisher\":{\"@id\":\"https:\\\/\\\/hotelesbcl.com\\\/en\\\/#organization\"},\"potentialAction\":[{\"@type\":\"SearchAction\",\"target\":{\"@type\":\"EntryPoint\",\"urlTemplate\":\"https:\\\/\\\/hotelesbcl.com\\\/en\\\/?s={search_term_string}\"},\"query-input\":{\"@type\":\"PropertyValueSpecification\",\"valueRequired\":true,\"valueName\":\"search_term_string\"}}],\"inLanguage\":\"es\"},{\"@type\":\"Organization\",\"@id\":\"https:\\\/\\\/hotelesbcl.com\\\/en\\\/#organization\",\"name\":\"Grupo Hoteles y Aparthoteles BCL\",\"url\":\"https:\\\/\\\/hotelesbcl.com\\\/en\\\/\",\"logo\":{\"@type\":\"ImageObject\",\"inLanguage\":\"es\",\"@id\":\"https:\\\/\\\/hotelesbcl.com\\\/en\\\/#\\\/schema\\\/logo\\\/image\\\/\",\"url\":\"https:\\\/\\\/hotelesbcl.com\\\/wp-content\\\/uploads\\\/2022\\\/03\\\/Grupo-253.png\",\"contentUrl\":\"https:\\\/\\\/hotelesbcl.com\\\/wp-content\\\/uploads\\\/2022\\\/03\\\/Grupo-253.png\",\"width\":156,\"height\":56,\"caption\":\"Grupo Hoteles y Aparthoteles BCL\"},\"image\":{\"@id\":\"https:\\\/\\\/hotelesbcl.com\\\/en\\\/#\\\/schema\\\/logo\\\/image\\\/\"},\"sameAs\":[\"https:\\\/\\\/www.facebook.com\\\/HotelBCLLevanteClub\\\/\"]}]}<\/script>\n<!-- \/ Yoast SEO Premium plugin. -->","yoast_head_json":{"title":"Apartamentos de 1 dormitorio - Grupo Hoteles y Aparthoteles BCL","robots":{"index":"index","follow":"follow","max-snippet":"max-snippet:-1","max-image-preview":"max-image-preview:large","max-video-preview":"max-video-preview:-1"},"canonical":"https:\/\/hotelesbcl.com\/es\/hoteles\/apartahotel-bcl-levante-lux\/apartamentos-de-1-dormitorio\/","og_locale":"es_ES","og_type":"article","og_title":"Apartamentos de 1 dormitorio","og_description":"Amplias terrazas y capacidad m\u00e1xima de 3 adultos o 3 adultos + un ni\u00f1o Con capacidad m\u00e1xima para 3 adultos o 3 adultos + un ni\u00f1o, los apartamentos del Aparthotel BCL Levante Lux en Benidorm tienen amplias terrazas y est\u00e1n distribuidos en sal\u00f3n comedor con sof\u00e1 cama, habitaci\u00f3n con cama matrimonial, cocina totalmente equipada y&hellip; Seguir leyendo Apartamentos de 1 dormitorio","og_url":"https:\/\/hotelesbcl.com\/es\/hoteles\/apartahotel-bcl-levante-lux\/apartamentos-de-1-dormitorio\/","og_site_name":"Grupo Hoteles y Aparthoteles BCL","article_publisher":"https:\/\/www.facebook.com\/HotelBCLLevanteClub\/","article_modified_time":"2026-01-23T09:37:32+00:00","og_image":[{"width":693,"height":462,"url":"https:\/\/hotelesbcl.com\/wp-content\/uploads\/2022\/05\/2-23.jpg","type":"image\/jpeg"}],"twitter_card":"summary_large_image","twitter_misc":{"Tiempo de lectura":"1 minuto"},"schema":{"@context":"https:\/\/schema.org","@graph":[{"@type":"WebPage","@id":"https:\/\/hotelesbcl.com\/es\/hoteles\/apartahotel-bcl-levante-lux\/apartamentos-de-1-dormitorio\/","url":"https:\/\/hotelesbcl.com\/es\/hoteles\/apartahotel-bcl-levante-lux\/apartamentos-de-1-dormitorio\/","name":"Apartamentos de 1 dormitorio - Grupo Hoteles y Aparthoteles BCL","isPartOf":{"@id":"https:\/\/hotelesbcl.com\/en\/#website"},"primaryImageOfPage":{"@id":"https:\/\/hotelesbcl.com\/es\/hoteles\/apartahotel-bcl-levante-lux\/apartamentos-de-1-dormitorio\/#primaryimage"},"image":{"@id":"https:\/\/hotelesbcl.com\/es\/hoteles\/apartahotel-bcl-levante-lux\/apartamentos-de-1-dormitorio\/#primaryimage"},"thumbnailUrl":"https:\/\/hotelesbcl.com\/wp-content\/uploads\/2022\/05\/2-23.jpg","datePublished":"2022-05-05T16:25:57+00:00","dateModified":"2026-01-23T09:37:32+00:00","breadcrumb":{"@id":"https:\/\/hotelesbcl.com\/es\/hoteles\/apartahotel-bcl-levante-lux\/apartamentos-de-1-dormitorio\/#breadcrumb"},"inLanguage":"es","potentialAction":[{"@type":"ReadAction","target":["https:\/\/hotelesbcl.com\/es\/hoteles\/apartahotel-bcl-levante-lux\/apartamentos-de-1-dormitorio\/"]}]},{"@type":"ImageObject","inLanguage":"es","@id":"https:\/\/hotelesbcl.com\/es\/hoteles\/apartahotel-bcl-levante-lux\/apartamentos-de-1-dormitorio\/#primaryimage","url":"https:\/\/hotelesbcl.com\/wp-content\/uploads\/2022\/05\/2-23.jpg","contentUrl":"https:\/\/hotelesbcl.com\/wp-content\/uploads\/2022\/05\/2-23.jpg","width":693,"height":462},{"@type":"BreadcrumbList","@id":"https:\/\/hotelesbcl.com\/es\/hoteles\/apartahotel-bcl-levante-lux\/apartamentos-de-1-dormitorio\/#breadcrumb","itemListElement":[{"@type":"ListItem","position":1,"name":"Portada","item":"https:\/\/hotelesbcl.com\/es\/"},{"@type":"ListItem","position":2,"name":"Hoteles","item":"https:\/\/hotelesbcl.com\/es\/?page_id=37"},{"@type":"ListItem","position":3,"name":"Aparthotel para Familias en Benidorm &#8211; BCL Levante Lux","item":"https:\/\/hotelesbcl.com\/es\/hoteles\/apartahotel-bcl-levante-lux\/"},{"@type":"ListItem","position":4,"name":"Apartamentos de 1 dormitorio"}]},{"@type":"WebSite","@id":"https:\/\/hotelesbcl.com\/en\/#website","url":"https:\/\/hotelesbcl.com\/en\/","name":"Grupo Hoteles y Aparthoteles BCL","description":"Disfrute de la experiencia BCL. Sus mejores vacaciones comienzan con nosotros","publisher":{"@id":"https:\/\/hotelesbcl.com\/en\/#organization"},"potentialAction":[{"@type":"SearchAction","target":{"@type":"EntryPoint","urlTemplate":"https:\/\/hotelesbcl.com\/en\/?s={search_term_string}"},"query-input":{"@type":"PropertyValueSpecification","valueRequired":true,"valueName":"search_term_string"}}],"inLanguage":"es"},{"@type":"Organization","@id":"https:\/\/hotelesbcl.com\/en\/#organization","name":"Grupo Hoteles y Aparthoteles BCL","url":"https:\/\/hotelesbcl.com\/en\/","logo":{"@type":"ImageObject","inLanguage":"es","@id":"https:\/\/hotelesbcl.com\/en\/#\/schema\/logo\/image\/","url":"https:\/\/hotelesbcl.com\/wp-content\/uploads\/2022\/03\/Grupo-253.png","contentUrl":"https:\/\/hotelesbcl.com\/wp-content\/uploads\/2022\/03\/Grupo-253.png","width":156,"height":56,"caption":"Grupo Hoteles y Aparthoteles BCL"},"image":{"@id":"https:\/\/hotelesbcl.com\/en\/#\/schema\/logo\/image\/"},"sameAs":["https:\/\/www.facebook.com\/HotelBCLLevanteClub\/"]}]}},"_links":{"self":[{"href":"https:\/\/hotelesbcl.com\/es\/wp-json\/wp\/v2\/pages\/1079","targetHints":{"allow":["GET"]}}],"collection":[{"href":"https:\/\/hotelesbcl.com\/es\/wp-json\/wp\/v2\/pages"}],"about":[{"href":"https:\/\/hotelesbcl.com\/es\/wp-json\/wp\/v2\/types\/page"}],"author":[{"embeddable":true,"href":"https:\/\/hotelesbcl.com\/es\/wp-json\/wp\/v2\/users\/1"}],"replies":[{"embeddable":true,"href":"https:\/\/hotelesbcl.com\/es\/wp-json\/wp\/v2\/comments?post=1079"}],"version-history":[{"count":12,"href":"https:\/\/hotelesbcl.com\/es\/wp-json\/wp\/v2\/pages\/1079\/revisions"}],"predecessor-version":[{"id":4479,"href":"https:\/\/hotelesbcl.com\/es\/wp-json\/wp\/v2\/pages\/1079\/revisions\/4479"}],"up":[{"embeddable":true,"href":"https:\/\/hotelesbcl.com\/es\/wp-json\/wp\/v2\/pages\/422"}],"wp:featuredmedia":[{"embeddable":true,"href":"https:\/\/hotelesbcl.com\/es\/wp-json\/wp\/v2\/media\/1082"}],"wp:attachment":[{"href":"https:\/\/hotelesbcl.com\/es\/wp-json\/wp\/v2\/media?parent=1079"}],"curies":[{"name":"wp","href":"https:\/\/api.w.org\/{rel}","templated":true}]}}