{"id":10863,"date":"2025-10-23T07:34:40","date_gmt":"2025-10-23T07:34:40","guid":{"rendered":"https:\/\/hotelesbcl.com\/bcl-levante-lux-aparthotel-in-benidorm\/apartments-mit-1-schlafzimmer\/"},"modified":"2026-01-23T09:37:23","modified_gmt":"2026-01-23T09:37:23","slug":"apartments-mit-1-schlafzimmer","status":"publish","type":"page","link":"https:\/\/hotelesbcl.com\/de\/bcl-levante-lux-aparthotel-in-benidorm\/apartments-mit-1-schlafzimmer\/","title":{"rendered":"Apartments mit 1 Schlafzimmer"},"content":{"rendered":"\n<div class=\"wp-block-group alignwide\"><div class=\"wp-block-group__inner-container is-layout-flow wp-block-group-is-layout-flow\">\n<div class=\"wp-block-media-text alignwide is-stacked-on-mobile is-vertically-aligned-top\"><figure class=\"wp-block-media-text__media\"><img loading=\"lazy\" decoding=\"async\" width=\"682\" height=\"1024\" src=\"https:\/\/hotelesbcl.com\/wp-content\/uploads\/2022\/06\/PISCI-1-682x1024.jpg\" alt=\"\" class=\"wp-image-2719 size-full\" srcset=\"https:\/\/hotelesbcl.com\/wp-content\/uploads\/2022\/06\/PISCI-1-682x1024.jpg 682w, https:\/\/hotelesbcl.com\/wp-content\/uploads\/2022\/06\/PISCI-1-200x300.jpg 200w, https:\/\/hotelesbcl.com\/wp-content\/uploads\/2022\/06\/PISCI-1-768x1152.jpg 768w, https:\/\/hotelesbcl.com\/wp-content\/uploads\/2022\/06\/PISCI-1-1024x1536.jpg 1024w, https:\/\/hotelesbcl.com\/wp-content\/uploads\/2022\/06\/PISCI-1.jpg 1045w\" sizes=\"auto, (max-width: 682px) 100vw, 682px\" \/><\/figure><div class=\"wp-block-media-text__content\">\n<h2 class=\"wp-block-heading\">Gro\u00dfe Terrassen und maximale Kapazit\u00e4t von 3 Erwachsenen oder 3 Erwachsenen + einem Kind<\/h2>\n\n\n\n<p>Mit einer maximalen Kapazit\u00e4t f\u00fcr 3 Erwachsene oder 3 Erwachsene + ein Kind, verf\u00fcgen die Apartments des Aparthotels BCL Levante Lux in Benidorm \u00fcber gro\u00dfe Terrassen und sind aufgeteilt in ein Wohnzimmer mit Schlafsofa, ein Schlafzimmer mit einem Doppelbett, eine voll ausgestattete K\u00fcche und ein komplettes Badezimmer, Zentralheizung, Fernseher, Safe und Direktwahltelefon.<\/p>\n<\/div><\/div>\n<\/div><\/div>\n","protected":false},"excerpt":{"rendered":"<p>Gro\u00dfe Terrassen und maximale Kapazit\u00e4t von 3 Erwachsenen oder 3 Erwachsenen + einem Kind Mit einer maximalen Kapazit\u00e4t f\u00fcr 3 Erwachsene oder 3 Erwachsene + ein Kind, verf\u00fcgen die Apartments des Aparthotels BCL Levante Lux in Benidorm \u00fcber gro\u00dfe Terrassen und sind aufgeteilt in ein Wohnzimmer mit Schlafsofa, ein Schlafzimmer mit einem Doppelbett, eine voll&hellip; <a class=\"more-link\" href=\"https:\/\/hotelesbcl.com\/de\/bcl-levante-lux-aparthotel-in-benidorm\/apartments-mit-1-schlafzimmer\/\"><span class=\"screen-reader-text\">Apartments mit 1 Schlafzimmer<\/span> weiterlesen<\/a><\/p>\n","protected":false},"author":1,"featured_media":5299,"parent":8806,"menu_order":2,"comment_status":"closed","ping_status":"closed","template":"tp-habitaciones.php","meta":{"inline_featured_image":false,"footnotes":""},"class_list":["post-10863","page","type-page","status-publish","has-post-thumbnail","hentry","entry"],"acf":[],"yoast_head":"<!-- This site is optimized with the Yoast SEO Premium plugin v27.5 (Yoast SEO v27.6) - https:\/\/yoast.com\/product\/yoast-seo-premium-wordpress\/ -->\n<title>Apartments mit 1 Schlafzimmer - Grupo Hoteles y Aparthoteles BCL<\/title>\n<meta name=\"robots\" content=\"index, follow, max-snippet:-1, max-image-preview:large, max-video-preview:-1\" \/>\n<link rel=\"canonical\" href=\"https:\/\/hotelesbcl.com\/de\/bcl-levante-lux-aparthotel-in-benidorm\/apartments-mit-1-schlafzimmer\/\" \/>\n<meta property=\"og:locale\" content=\"de_DE\" \/>\n<meta property=\"og:type\" content=\"article\" \/>\n<meta property=\"og:title\" content=\"Apartments mit 1 Schlafzimmer\" \/>\n<meta property=\"og:description\" content=\"Gro\u00dfe Terrassen und maximale Kapazit\u00e4t von 3 Erwachsenen oder 3 Erwachsenen + einem Kind Mit einer maximalen Kapazit\u00e4t f\u00fcr 3 Erwachsene oder 3 Erwachsene + ein Kind, verf\u00fcgen die Apartments des Aparthotels BCL Levante Lux in Benidorm \u00fcber gro\u00dfe Terrassen und sind aufgeteilt in ein Wohnzimmer mit Schlafsofa, ein Schlafzimmer mit einem Doppelbett, eine voll&hellip; Apartments mit 1 Schlafzimmer weiterlesen\" \/>\n<meta property=\"og:url\" content=\"https:\/\/hotelesbcl.com\/de\/bcl-levante-lux-aparthotel-in-benidorm\/apartments-mit-1-schlafzimmer\/\" \/>\n<meta property=\"og:site_name\" content=\"Grupo Hoteles y Aparthoteles BCL\" \/>\n<meta property=\"article:publisher\" content=\"https:\/\/www.facebook.com\/HotelBCLLevanteClub\/\" \/>\n<meta property=\"article:modified_time\" content=\"2026-01-23T09:37:23+00:00\" \/>\n<meta property=\"og:image\" content=\"https:\/\/hotelesbcl.com\/wp-content\/uploads\/2022\/05\/2-23.jpg\" \/>\n\t<meta property=\"og:image:width\" content=\"693\" \/>\n\t<meta property=\"og:image:height\" content=\"462\" \/>\n\t<meta property=\"og:image:type\" content=\"image\/jpeg\" \/>\n<meta name=\"twitter:card\" content=\"summary_large_image\" \/>\n<meta name=\"twitter:label1\" content=\"Gesch\u00e4tzte Lesezeit\" \/>\n\t<meta name=\"twitter:data1\" content=\"1\u00a0Minute\" \/>\n<script type=\"application\/ld+json\" class=\"yoast-schema-graph\">{\"@context\":\"https:\\\/\\\/schema.org\",\"@graph\":[{\"@type\":\"WebPage\",\"@id\":\"https:\\\/\\\/hotelesbcl.com\\\/de\\\/bcl-levante-lux-aparthotel-in-benidorm\\\/apartments-mit-1-schlafzimmer\\\/\",\"url\":\"https:\\\/\\\/hotelesbcl.com\\\/de\\\/bcl-levante-lux-aparthotel-in-benidorm\\\/apartments-mit-1-schlafzimmer\\\/\",\"name\":\"Apartments mit 1 Schlafzimmer - Grupo Hoteles y Aparthoteles BCL\",\"isPartOf\":{\"@id\":\"https:\\\/\\\/hotelesbcl.com\\\/en\\\/#website\"},\"primaryImageOfPage\":{\"@id\":\"https:\\\/\\\/hotelesbcl.com\\\/de\\\/bcl-levante-lux-aparthotel-in-benidorm\\\/apartments-mit-1-schlafzimmer\\\/#primaryimage\"},\"image\":{\"@id\":\"https:\\\/\\\/hotelesbcl.com\\\/de\\\/bcl-levante-lux-aparthotel-in-benidorm\\\/apartments-mit-1-schlafzimmer\\\/#primaryimage\"},\"thumbnailUrl\":\"https:\\\/\\\/hotelesbcl.com\\\/wp-content\\\/uploads\\\/2022\\\/05\\\/2-23.jpg\",\"datePublished\":\"2025-10-23T07:34:40+00:00\",\"dateModified\":\"2026-01-23T09:37:23+00:00\",\"breadcrumb\":{\"@id\":\"https:\\\/\\\/hotelesbcl.com\\\/de\\\/bcl-levante-lux-aparthotel-in-benidorm\\\/apartments-mit-1-schlafzimmer\\\/#breadcrumb\"},\"inLanguage\":\"de\",\"potentialAction\":[{\"@type\":\"ReadAction\",\"target\":[\"https:\\\/\\\/hotelesbcl.com\\\/de\\\/bcl-levante-lux-aparthotel-in-benidorm\\\/apartments-mit-1-schlafzimmer\\\/\"]}]},{\"@type\":\"ImageObject\",\"inLanguage\":\"de\",\"@id\":\"https:\\\/\\\/hotelesbcl.com\\\/de\\\/bcl-levante-lux-aparthotel-in-benidorm\\\/apartments-mit-1-schlafzimmer\\\/#primaryimage\",\"url\":\"https:\\\/\\\/hotelesbcl.com\\\/wp-content\\\/uploads\\\/2022\\\/05\\\/2-23.jpg\",\"contentUrl\":\"https:\\\/\\\/hotelesbcl.com\\\/wp-content\\\/uploads\\\/2022\\\/05\\\/2-23.jpg\",\"width\":693,\"height\":462},{\"@type\":\"BreadcrumbList\",\"@id\":\"https:\\\/\\\/hotelesbcl.com\\\/de\\\/bcl-levante-lux-aparthotel-in-benidorm\\\/apartments-mit-1-schlafzimmer\\\/#breadcrumb\",\"itemListElement\":[{\"@type\":\"ListItem\",\"position\":1,\"name\":\"Portada\",\"item\":\"https:\\\/\\\/hotelesbcl.com\\\/de\\\/\"},{\"@type\":\"ListItem\",\"position\":2,\"name\":\"Familien-Aparthotel in Benidorm &#8211; BCL Levante Lux\",\"item\":\"https:\\\/\\\/hotelesbcl.com\\\/de\\\/bcl-levante-lux-aparthotel-in-benidorm\\\/\"},{\"@type\":\"ListItem\",\"position\":3,\"name\":\"Apartments mit 1 Schlafzimmer\"}]},{\"@type\":\"WebSite\",\"@id\":\"https:\\\/\\\/hotelesbcl.com\\\/en\\\/#website\",\"url\":\"https:\\\/\\\/hotelesbcl.com\\\/en\\\/\",\"name\":\"Grupo Hoteles y Aparthoteles BCL\",\"description\":\"Disfrute de la experiencia BCL. Sus mejores vacaciones comienzan con nosotros\",\"publisher\":{\"@id\":\"https:\\\/\\\/hotelesbcl.com\\\/en\\\/#organization\"},\"potentialAction\":[{\"@type\":\"SearchAction\",\"target\":{\"@type\":\"EntryPoint\",\"urlTemplate\":\"https:\\\/\\\/hotelesbcl.com\\\/en\\\/?s={search_term_string}\"},\"query-input\":{\"@type\":\"PropertyValueSpecification\",\"valueRequired\":true,\"valueName\":\"search_term_string\"}}],\"inLanguage\":\"de\"},{\"@type\":\"Organization\",\"@id\":\"https:\\\/\\\/hotelesbcl.com\\\/en\\\/#organization\",\"name\":\"Grupo Hoteles y Aparthoteles BCL\",\"url\":\"https:\\\/\\\/hotelesbcl.com\\\/en\\\/\",\"logo\":{\"@type\":\"ImageObject\",\"inLanguage\":\"de\",\"@id\":\"https:\\\/\\\/hotelesbcl.com\\\/en\\\/#\\\/schema\\\/logo\\\/image\\\/\",\"url\":\"https:\\\/\\\/hotelesbcl.com\\\/wp-content\\\/uploads\\\/2022\\\/03\\\/Grupo-253.png\",\"contentUrl\":\"https:\\\/\\\/hotelesbcl.com\\\/wp-content\\\/uploads\\\/2022\\\/03\\\/Grupo-253.png\",\"width\":156,\"height\":56,\"caption\":\"Grupo Hoteles y Aparthoteles BCL\"},\"image\":{\"@id\":\"https:\\\/\\\/hotelesbcl.com\\\/en\\\/#\\\/schema\\\/logo\\\/image\\\/\"},\"sameAs\":[\"https:\\\/\\\/www.facebook.com\\\/HotelBCLLevanteClub\\\/\"]}]}<\/script>\n<!-- \/ Yoast SEO Premium plugin. -->","yoast_head_json":{"title":"Apartments mit 1 Schlafzimmer - Grupo Hoteles y Aparthoteles BCL","robots":{"index":"index","follow":"follow","max-snippet":"max-snippet:-1","max-image-preview":"max-image-preview:large","max-video-preview":"max-video-preview:-1"},"canonical":"https:\/\/hotelesbcl.com\/de\/bcl-levante-lux-aparthotel-in-benidorm\/apartments-mit-1-schlafzimmer\/","og_locale":"de_DE","og_type":"article","og_title":"Apartments mit 1 Schlafzimmer","og_description":"Gro\u00dfe Terrassen und maximale Kapazit\u00e4t von 3 Erwachsenen oder 3 Erwachsenen + einem Kind Mit einer maximalen Kapazit\u00e4t f\u00fcr 3 Erwachsene oder 3 Erwachsene + ein Kind, verf\u00fcgen die Apartments des Aparthotels BCL Levante Lux in Benidorm \u00fcber gro\u00dfe Terrassen und sind aufgeteilt in ein Wohnzimmer mit Schlafsofa, ein Schlafzimmer mit einem Doppelbett, eine voll&hellip; Apartments mit 1 Schlafzimmer weiterlesen","og_url":"https:\/\/hotelesbcl.com\/de\/bcl-levante-lux-aparthotel-in-benidorm\/apartments-mit-1-schlafzimmer\/","og_site_name":"Grupo Hoteles y Aparthoteles BCL","article_publisher":"https:\/\/www.facebook.com\/HotelBCLLevanteClub\/","article_modified_time":"2026-01-23T09:37:23+00:00","og_image":[{"width":693,"height":462,"url":"https:\/\/hotelesbcl.com\/wp-content\/uploads\/2022\/05\/2-23.jpg","type":"image\/jpeg"}],"twitter_card":"summary_large_image","twitter_misc":{"Gesch\u00e4tzte Lesezeit":"1\u00a0Minute"},"schema":{"@context":"https:\/\/schema.org","@graph":[{"@type":"WebPage","@id":"https:\/\/hotelesbcl.com\/de\/bcl-levante-lux-aparthotel-in-benidorm\/apartments-mit-1-schlafzimmer\/","url":"https:\/\/hotelesbcl.com\/de\/bcl-levante-lux-aparthotel-in-benidorm\/apartments-mit-1-schlafzimmer\/","name":"Apartments mit 1 Schlafzimmer - Grupo Hoteles y Aparthoteles BCL","isPartOf":{"@id":"https:\/\/hotelesbcl.com\/en\/#website"},"primaryImageOfPage":{"@id":"https:\/\/hotelesbcl.com\/de\/bcl-levante-lux-aparthotel-in-benidorm\/apartments-mit-1-schlafzimmer\/#primaryimage"},"image":{"@id":"https:\/\/hotelesbcl.com\/de\/bcl-levante-lux-aparthotel-in-benidorm\/apartments-mit-1-schlafzimmer\/#primaryimage"},"thumbnailUrl":"https:\/\/hotelesbcl.com\/wp-content\/uploads\/2022\/05\/2-23.jpg","datePublished":"2025-10-23T07:34:40+00:00","dateModified":"2026-01-23T09:37:23+00:00","breadcrumb":{"@id":"https:\/\/hotelesbcl.com\/de\/bcl-levante-lux-aparthotel-in-benidorm\/apartments-mit-1-schlafzimmer\/#breadcrumb"},"inLanguage":"de","potentialAction":[{"@type":"ReadAction","target":["https:\/\/hotelesbcl.com\/de\/bcl-levante-lux-aparthotel-in-benidorm\/apartments-mit-1-schlafzimmer\/"]}]},{"@type":"ImageObject","inLanguage":"de","@id":"https:\/\/hotelesbcl.com\/de\/bcl-levante-lux-aparthotel-in-benidorm\/apartments-mit-1-schlafzimmer\/#primaryimage","url":"https:\/\/hotelesbcl.com\/wp-content\/uploads\/2022\/05\/2-23.jpg","contentUrl":"https:\/\/hotelesbcl.com\/wp-content\/uploads\/2022\/05\/2-23.jpg","width":693,"height":462},{"@type":"BreadcrumbList","@id":"https:\/\/hotelesbcl.com\/de\/bcl-levante-lux-aparthotel-in-benidorm\/apartments-mit-1-schlafzimmer\/#breadcrumb","itemListElement":[{"@type":"ListItem","position":1,"name":"Portada","item":"https:\/\/hotelesbcl.com\/de\/"},{"@type":"ListItem","position":2,"name":"Familien-Aparthotel in Benidorm &#8211; BCL Levante Lux","item":"https:\/\/hotelesbcl.com\/de\/bcl-levante-lux-aparthotel-in-benidorm\/"},{"@type":"ListItem","position":3,"name":"Apartments mit 1 Schlafzimmer"}]},{"@type":"WebSite","@id":"https:\/\/hotelesbcl.com\/en\/#website","url":"https:\/\/hotelesbcl.com\/en\/","name":"Grupo Hoteles y Aparthoteles BCL","description":"Disfrute de la experiencia BCL. Sus mejores vacaciones comienzan con nosotros","publisher":{"@id":"https:\/\/hotelesbcl.com\/en\/#organization"},"potentialAction":[{"@type":"SearchAction","target":{"@type":"EntryPoint","urlTemplate":"https:\/\/hotelesbcl.com\/en\/?s={search_term_string}"},"query-input":{"@type":"PropertyValueSpecification","valueRequired":true,"valueName":"search_term_string"}}],"inLanguage":"de"},{"@type":"Organization","@id":"https:\/\/hotelesbcl.com\/en\/#organization","name":"Grupo Hoteles y Aparthoteles BCL","url":"https:\/\/hotelesbcl.com\/en\/","logo":{"@type":"ImageObject","inLanguage":"de","@id":"https:\/\/hotelesbcl.com\/en\/#\/schema\/logo\/image\/","url":"https:\/\/hotelesbcl.com\/wp-content\/uploads\/2022\/03\/Grupo-253.png","contentUrl":"https:\/\/hotelesbcl.com\/wp-content\/uploads\/2022\/03\/Grupo-253.png","width":156,"height":56,"caption":"Grupo Hoteles y Aparthoteles BCL"},"image":{"@id":"https:\/\/hotelesbcl.com\/en\/#\/schema\/logo\/image\/"},"sameAs":["https:\/\/www.facebook.com\/HotelBCLLevanteClub\/"]}]}},"_links":{"self":[{"href":"https:\/\/hotelesbcl.com\/de\/wp-json\/wp\/v2\/pages\/10863","targetHints":{"allow":["GET"]}}],"collection":[{"href":"https:\/\/hotelesbcl.com\/de\/wp-json\/wp\/v2\/pages"}],"about":[{"href":"https:\/\/hotelesbcl.com\/de\/wp-json\/wp\/v2\/types\/page"}],"author":[{"embeddable":true,"href":"https:\/\/hotelesbcl.com\/de\/wp-json\/wp\/v2\/users\/1"}],"replies":[{"embeddable":true,"href":"https:\/\/hotelesbcl.com\/de\/wp-json\/wp\/v2\/comments?post=10863"}],"version-history":[{"count":2,"href":"https:\/\/hotelesbcl.com\/de\/wp-json\/wp\/v2\/pages\/10863\/revisions"}],"predecessor-version":[{"id":16178,"href":"https:\/\/hotelesbcl.com\/de\/wp-json\/wp\/v2\/pages\/10863\/revisions\/16178"}],"up":[{"embeddable":true,"href":"https:\/\/hotelesbcl.com\/de\/wp-json\/wp\/v2\/pages\/8806"}],"wp:featuredmedia":[{"embeddable":true,"href":"https:\/\/hotelesbcl.com\/de\/wp-json\/wp\/v2\/media\/5299"}],"wp:attachment":[{"href":"https:\/\/hotelesbcl.com\/de\/wp-json\/wp\/v2\/media?parent=10863"}],"curies":[{"name":"wp","href":"https:\/\/api.w.org\/{rel}","templated":true}]}}